{"id":5131,"date":"2024-03-01T14:59:48","date_gmt":"2024-03-01T13:59:48","guid":{"rendered":"https:\/\/partycypacjaobywatelska.pl\/forum\/?page_id=5131"},"modified":"2024-03-15T10:48:54","modified_gmt":"2024-03-15T09:48:54","slug":"spoleczny-kick-off-czyli-o-tym-co-sie-dzieje-na-linii-instytucja-spolecznosc-lokalna","status":"publish","type":"page","link":"https:\/\/partycypacjaobywatelska.pl\/forum\/spoleczny-kick-off-czyli-o-tym-co-sie-dzieje-na-linii-instytucja-spolecznosc-lokalna\/","title":{"rendered":"Spo\u0142eczny kick-off, czyli o tym, co si\u0119 dzieje na linii instytucja-spo\u0142eczno\u015b\u0107 lokalna"},"content":{"rendered":"","protected":false},"excerpt":{"rendered":"","protected":false},"author":230,"featured_media":0,"parent":0,"menu_order":0,"comment_status":"closed","ping_status":"closed","template":"template-program.php","meta":[],"_links":{"self":[{"href":"https:\/\/partycypacjaobywatelska.pl\/forum\/wp-json\/wp\/v2\/pages\/5131"}],"collection":[{"href":"https:\/\/partycypacjaobywatelska.pl\/forum\/wp-json\/wp\/v2\/pages"}],"about":[{"href":"https:\/\/partycypacjaobywatelska.pl\/forum\/wp-json\/wp\/v2\/types\/page"}],"author":[{"embeddable":true,"href":"https:\/\/partycypacjaobywatelska.pl\/forum\/wp-json\/wp\/v2\/users\/230"}],"replies":[{"embeddable":true,"href":"https:\/\/partycypacjaobywatelska.pl\/forum\/wp-json\/wp\/v2\/comments?post=5131"}],"version-history":[{"count":7,"href":"https:\/\/partycypacjaobywatelska.pl\/forum\/wp-json\/wp\/v2\/pages\/5131\/revisions"}],"predecessor-version":[{"id":5692,"href":"https:\/\/partycypacjaobywatelska.pl\/forum\/wp-json\/wp\/v2\/pages\/5131\/revisions\/5692"}],"wp:attachment":[{"href":"https:\/\/partycypacjaobywatelska.pl\/forum\/wp-json\/wp\/v2\/media?parent=5131"}],"curies":[{"name":"wp","href":"https:\/\/api.w.org\/{rel}","templated":true}]}}