{"id":5126,"date":"2024-03-01T14:37:48","date_gmt":"2024-03-01T13:37:48","guid":{"rendered":"https:\/\/partycypacjaobywatelska.pl\/forum\/?page_id=5126"},"modified":"2024-03-07T08:19:03","modified_gmt":"2024-03-07T07:19:03","slug":"partycypacja-na-wesolej-jak-zaprojektowac-przyszlosc-dzielnicy-wesola-i-jej-spolecznosci","status":"publish","type":"page","link":"https:\/\/partycypacjaobywatelska.pl\/forum\/partycypacja-na-wesolej-jak-zaprojektowac-przyszlosc-dzielnicy-wesola-i-jej-spolecznosci\/","title":{"rendered":"Partycypacja na Weso\u0142ej \u2013 jak zaprojektowa\u0107 przysz\u0142o\u015b\u0107 dzielnicy Weso\u0142a i jej spo\u0142eczno\u015bci? (warsztaty z wizj\u0105 lokaln\u0105)"},"content":{"rendered":"","protected":false},"excerpt":{"rendered":"","protected":false},"author":230,"featured_media":0,"parent":0,"menu_order":0,"comment_status":"closed","ping_status":"closed","template":"template-program.php","meta":[],"_links":{"self":[{"href":"https:\/\/partycypacjaobywatelska.pl\/forum\/wp-json\/wp\/v2\/pages\/5126"}],"collection":[{"href":"https:\/\/partycypacjaobywatelska.pl\/forum\/wp-json\/wp\/v2\/pages"}],"about":[{"href":"https:\/\/partycypacjaobywatelska.pl\/forum\/wp-json\/wp\/v2\/types\/page"}],"author":[{"embeddable":true,"href":"https:\/\/partycypacjaobywatelska.pl\/forum\/wp-json\/wp\/v2\/users\/230"}],"replies":[{"embeddable":true,"href":"https:\/\/partycypacjaobywatelska.pl\/forum\/wp-json\/wp\/v2\/comments?post=5126"}],"version-history":[{"count":12,"href":"https:\/\/partycypacjaobywatelska.pl\/forum\/wp-json\/wp\/v2\/pages\/5126\/revisions"}],"predecessor-version":[{"id":5531,"href":"https:\/\/partycypacjaobywatelska.pl\/forum\/wp-json\/wp\/v2\/pages\/5126\/revisions\/5531"}],"wp:attachment":[{"href":"https:\/\/partycypacjaobywatelska.pl\/forum\/wp-json\/wp\/v2\/media?parent=5126"}],"curies":[{"name":"wp","href":"https:\/\/api.w.org\/{rel}","templated":true}]}}