{"id":5116,"date":"2024-03-01T13:50:41","date_gmt":"2024-03-01T12:50:41","guid":{"rendered":"https:\/\/partycypacjaobywatelska.pl\/forum\/?page_id=5116"},"modified":"2024-03-15T10:40:37","modified_gmt":"2024-03-15T09:40:37","slug":"jak-rozmawiac-mimo-roznic-pogladow-o-pozytkach-z-dialogu-wspolnotowego-2","status":"publish","type":"page","link":"https:\/\/partycypacjaobywatelska.pl\/forum\/jak-rozmawiac-mimo-roznic-pogladow-o-pozytkach-z-dialogu-wspolnotowego-2\/","title":{"rendered":"Jak rozmawia\u0107 mimo r\u00f3\u017cnic pogl\u0105d\u00f3w? O po\u017cytkach z dialogu wsp\u00f3lnotowego"},"content":{"rendered":"","protected":false},"excerpt":{"rendered":"","protected":false},"author":230,"featured_media":0,"parent":0,"menu_order":0,"comment_status":"closed","ping_status":"closed","template":"template-program.php","meta":[],"_links":{"self":[{"href":"https:\/\/partycypacjaobywatelska.pl\/forum\/wp-json\/wp\/v2\/pages\/5116"}],"collection":[{"href":"https:\/\/partycypacjaobywatelska.pl\/forum\/wp-json\/wp\/v2\/pages"}],"about":[{"href":"https:\/\/partycypacjaobywatelska.pl\/forum\/wp-json\/wp\/v2\/types\/page"}],"author":[{"embeddable":true,"href":"https:\/\/partycypacjaobywatelska.pl\/forum\/wp-json\/wp\/v2\/users\/230"}],"replies":[{"embeddable":true,"href":"https:\/\/partycypacjaobywatelska.pl\/forum\/wp-json\/wp\/v2\/comments?post=5116"}],"version-history":[{"count":8,"href":"https:\/\/partycypacjaobywatelska.pl\/forum\/wp-json\/wp\/v2\/pages\/5116\/revisions"}],"predecessor-version":[{"id":5675,"href":"https:\/\/partycypacjaobywatelska.pl\/forum\/wp-json\/wp\/v2\/pages\/5116\/revisions\/5675"}],"wp:attachment":[{"href":"https:\/\/partycypacjaobywatelska.pl\/forum\/wp-json\/wp\/v2\/media?parent=5116"}],"curies":[{"name":"wp","href":"https:\/\/api.w.org\/{rel}","templated":true}]}}