{"id":5105,"date":"2024-03-01T13:26:04","date_gmt":"2024-03-01T12:26:04","guid":{"rendered":"https:\/\/partycypacjaobywatelska.pl\/forum\/?page_id=5105"},"modified":"2024-03-15T10:21:43","modified_gmt":"2024-03-15T09:21:43","slug":"dlaczego-uslugi-spoleczne-i-deinstytucjonalizacja-potrzebuja-partycypacji","status":"publish","type":"page","link":"https:\/\/partycypacjaobywatelska.pl\/forum\/dlaczego-uslugi-spoleczne-i-deinstytucjonalizacja-potrzebuja-partycypacji\/","title":{"rendered":"Dlaczego us\u0142ugi spo\u0142eczne i deinstytucjonalizacja potrzebuj\u0105 partycypacji?"},"content":{"rendered":"","protected":false},"excerpt":{"rendered":"","protected":false},"author":230,"featured_media":0,"parent":0,"menu_order":0,"comment_status":"closed","ping_status":"closed","template":"template-program.php","meta":[],"_links":{"self":[{"href":"https:\/\/partycypacjaobywatelska.pl\/forum\/wp-json\/wp\/v2\/pages\/5105"}],"collection":[{"href":"https:\/\/partycypacjaobywatelska.pl\/forum\/wp-json\/wp\/v2\/pages"}],"about":[{"href":"https:\/\/partycypacjaobywatelska.pl\/forum\/wp-json\/wp\/v2\/types\/page"}],"author":[{"embeddable":true,"href":"https:\/\/partycypacjaobywatelska.pl\/forum\/wp-json\/wp\/v2\/users\/230"}],"replies":[{"embeddable":true,"href":"https:\/\/partycypacjaobywatelska.pl\/forum\/wp-json\/wp\/v2\/comments?post=5105"}],"version-history":[{"count":9,"href":"https:\/\/partycypacjaobywatelska.pl\/forum\/wp-json\/wp\/v2\/pages\/5105\/revisions"}],"predecessor-version":[{"id":5657,"href":"https:\/\/partycypacjaobywatelska.pl\/forum\/wp-json\/wp\/v2\/pages\/5105\/revisions\/5657"}],"wp:attachment":[{"href":"https:\/\/partycypacjaobywatelska.pl\/forum\/wp-json\/wp\/v2\/media?parent=5105"}],"curies":[{"name":"wp","href":"https:\/\/api.w.org\/{rel}","templated":true}]}}