{"id":4447,"date":"2023-06-01T15:28:39","date_gmt":"2023-06-01T13:28:39","guid":{"rendered":"https:\/\/partycypacjaobywatelska.pl\/forum\/?page_id=4447"},"modified":"2023-06-06T10:12:08","modified_gmt":"2023-06-06T08:12:08","slug":"budzet-obywatelski-co-sie-udaje-a-z-czym-moze-byc-lepiej-problemy-diagnoza-rozwiazania","status":"publish","type":"page","link":"https:\/\/partycypacjaobywatelska.pl\/forum\/edycja-10\/budzet-obywatelski-co-sie-udaje-a-z-czym-moze-byc-lepiej-problemy-diagnoza-rozwiazania\/","title":{"rendered":"Bud\u017cet obywatelski \u2013 co si\u0119 udaje, a z czym mo\u017ce by\u0107 lepiej? Problemy \u2013 diagnoza \u2013 rozwi\u0105zania"},"content":{"rendered":"","protected":false},"excerpt":{"rendered":"","protected":false},"author":177,"featured_media":0,"parent":4048,"menu_order":0,"comment_status":"closed","ping_status":"closed","template":"template-program.php","meta":[],"_links":{"self":[{"href":"https:\/\/partycypacjaobywatelska.pl\/forum\/wp-json\/wp\/v2\/pages\/4447"}],"collection":[{"href":"https:\/\/partycypacjaobywatelska.pl\/forum\/wp-json\/wp\/v2\/pages"}],"about":[{"href":"https:\/\/partycypacjaobywatelska.pl\/forum\/wp-json\/wp\/v2\/types\/page"}],"author":[{"embeddable":true,"href":"https:\/\/partycypacjaobywatelska.pl\/forum\/wp-json\/wp\/v2\/users\/177"}],"replies":[{"embeddable":true,"href":"https:\/\/partycypacjaobywatelska.pl\/forum\/wp-json\/wp\/v2\/comments?post=4447"}],"version-history":[{"count":3,"href":"https:\/\/partycypacjaobywatelska.pl\/forum\/wp-json\/wp\/v2\/pages\/4447\/revisions"}],"predecessor-version":[{"id":4493,"href":"https:\/\/partycypacjaobywatelska.pl\/forum\/wp-json\/wp\/v2\/pages\/4447\/revisions\/4493"}],"up":[{"embeddable":true,"href":"https:\/\/partycypacjaobywatelska.pl\/forum\/wp-json\/wp\/v2\/pages\/4048"}],"wp:attachment":[{"href":"https:\/\/partycypacjaobywatelska.pl\/forum\/wp-json\/wp\/v2\/media?parent=4447"}],"curies":[{"name":"wp","href":"https:\/\/api.w.org\/{rel}","templated":true}]}}