{"id":4418,"date":"2023-05-30T15:28:48","date_gmt":"2023-05-30T13:28:48","guid":{"rendered":"https:\/\/partycypacjaobywatelska.pl\/forum\/?page_id=4418"},"modified":"2023-06-06T10:10:19","modified_gmt":"2023-06-06T08:10:19","slug":"teatr-legislacyjny-jako-dobra-praktyka-wlaczania-partycypacyjnego-spolecznosci-w-zmiane-prawa","status":"publish","type":"page","link":"https:\/\/partycypacjaobywatelska.pl\/forum\/edycja-10\/teatr-legislacyjny-jako-dobra-praktyka-wlaczania-partycypacyjnego-spolecznosci-w-zmiane-prawa\/","title":{"rendered":"Teatr Legislacyjny jako dobra praktyka w\u0142\u0105czania partycypacyjnego spo\u0142eczno\u015bci w zmian\u0119 prawa"},"content":{"rendered":"","protected":false},"excerpt":{"rendered":"","protected":false},"author":177,"featured_media":0,"parent":4048,"menu_order":0,"comment_status":"closed","ping_status":"closed","template":"template-program.php","meta":[],"_links":{"self":[{"href":"https:\/\/partycypacjaobywatelska.pl\/forum\/wp-json\/wp\/v2\/pages\/4418"}],"collection":[{"href":"https:\/\/partycypacjaobywatelska.pl\/forum\/wp-json\/wp\/v2\/pages"}],"about":[{"href":"https:\/\/partycypacjaobywatelska.pl\/forum\/wp-json\/wp\/v2\/types\/page"}],"author":[{"embeddable":true,"href":"https:\/\/partycypacjaobywatelska.pl\/forum\/wp-json\/wp\/v2\/users\/177"}],"replies":[{"embeddable":true,"href":"https:\/\/partycypacjaobywatelska.pl\/forum\/wp-json\/wp\/v2\/comments?post=4418"}],"version-history":[{"count":3,"href":"https:\/\/partycypacjaobywatelska.pl\/forum\/wp-json\/wp\/v2\/pages\/4418\/revisions"}],"predecessor-version":[{"id":4490,"href":"https:\/\/partycypacjaobywatelska.pl\/forum\/wp-json\/wp\/v2\/pages\/4418\/revisions\/4490"}],"up":[{"embeddable":true,"href":"https:\/\/partycypacjaobywatelska.pl\/forum\/wp-json\/wp\/v2\/pages\/4048"}],"wp:attachment":[{"href":"https:\/\/partycypacjaobywatelska.pl\/forum\/wp-json\/wp\/v2\/media?parent=4418"}],"curies":[{"name":"wp","href":"https:\/\/api.w.org\/{rel}","templated":true}]}}