{"id":4392,"date":"2023-05-29T12:36:22","date_gmt":"2023-05-29T10:36:22","guid":{"rendered":"https:\/\/partycypacjaobywatelska.pl\/forum\/?page_id=4392"},"modified":"2023-06-06T10:28:59","modified_gmt":"2023-06-06T08:28:59","slug":"niedoceniony-kapital-twojej-gminy-czyli-o-tym-jak-zbadac-kapital-spoleczny","status":"publish","type":"page","link":"https:\/\/partycypacjaobywatelska.pl\/forum\/edycja-10\/niedoceniony-kapital-twojej-gminy-czyli-o-tym-jak-zbadac-kapital-spoleczny\/","title":{"rendered":"Nie(d)oceniony kapita\u0142 Twojej gminy, czyli o tym, jak zbada\u0107 kapita\u0142 spo\u0142eczny"},"content":{"rendered":"","protected":false},"excerpt":{"rendered":"","protected":false},"author":177,"featured_media":0,"parent":4048,"menu_order":0,"comment_status":"closed","ping_status":"closed","template":"template-program.php","meta":[],"_links":{"self":[{"href":"https:\/\/partycypacjaobywatelska.pl\/forum\/wp-json\/wp\/v2\/pages\/4392"}],"collection":[{"href":"https:\/\/partycypacjaobywatelska.pl\/forum\/wp-json\/wp\/v2\/pages"}],"about":[{"href":"https:\/\/partycypacjaobywatelska.pl\/forum\/wp-json\/wp\/v2\/types\/page"}],"author":[{"embeddable":true,"href":"https:\/\/partycypacjaobywatelska.pl\/forum\/wp-json\/wp\/v2\/users\/177"}],"replies":[{"embeddable":true,"href":"https:\/\/partycypacjaobywatelska.pl\/forum\/wp-json\/wp\/v2\/comments?post=4392"}],"version-history":[{"count":5,"href":"https:\/\/partycypacjaobywatelska.pl\/forum\/wp-json\/wp\/v2\/pages\/4392\/revisions"}],"predecessor-version":[{"id":4508,"href":"https:\/\/partycypacjaobywatelska.pl\/forum\/wp-json\/wp\/v2\/pages\/4392\/revisions\/4508"}],"up":[{"embeddable":true,"href":"https:\/\/partycypacjaobywatelska.pl\/forum\/wp-json\/wp\/v2\/pages\/4048"}],"wp:attachment":[{"href":"https:\/\/partycypacjaobywatelska.pl\/forum\/wp-json\/wp\/v2\/media?parent=4392"}],"curies":[{"name":"wp","href":"https:\/\/api.w.org\/{rel}","templated":true}]}}