{"id":4358,"date":"2023-05-17T10:05:09","date_gmt":"2023-05-17T08:05:09","guid":{"rendered":"https:\/\/partycypacjaobywatelska.pl\/forum\/?page_id=4358"},"modified":"2023-06-20T12:40:26","modified_gmt":"2023-06-20T10:40:26","slug":"zoom-na-narade-obywatelska-mlodsza-siostre-panelu-obywatelskiego","status":"publish","type":"page","link":"https:\/\/partycypacjaobywatelska.pl\/forum\/edycja-10\/zoom-na-narade-obywatelska-mlodsza-siostre-panelu-obywatelskiego\/","title":{"rendered":"Zoom na narad\u0119 obywatelsk\u0105, m\u0142odsz\u0105 siostr\u0119 panelu obywatelskiego"},"content":{"rendered":"","protected":false},"excerpt":{"rendered":"","protected":false},"author":177,"featured_media":0,"parent":4048,"menu_order":0,"comment_status":"closed","ping_status":"closed","template":"template-program.php","meta":[],"_links":{"self":[{"href":"https:\/\/partycypacjaobywatelska.pl\/forum\/wp-json\/wp\/v2\/pages\/4358"}],"collection":[{"href":"https:\/\/partycypacjaobywatelska.pl\/forum\/wp-json\/wp\/v2\/pages"}],"about":[{"href":"https:\/\/partycypacjaobywatelska.pl\/forum\/wp-json\/wp\/v2\/types\/page"}],"author":[{"embeddable":true,"href":"https:\/\/partycypacjaobywatelska.pl\/forum\/wp-json\/wp\/v2\/users\/177"}],"replies":[{"embeddable":true,"href":"https:\/\/partycypacjaobywatelska.pl\/forum\/wp-json\/wp\/v2\/comments?post=4358"}],"version-history":[{"count":7,"href":"https:\/\/partycypacjaobywatelska.pl\/forum\/wp-json\/wp\/v2\/pages\/4358\/revisions"}],"predecessor-version":[{"id":4847,"href":"https:\/\/partycypacjaobywatelska.pl\/forum\/wp-json\/wp\/v2\/pages\/4358\/revisions\/4847"}],"up":[{"embeddable":true,"href":"https:\/\/partycypacjaobywatelska.pl\/forum\/wp-json\/wp\/v2\/pages\/4048"}],"wp:attachment":[{"href":"https:\/\/partycypacjaobywatelska.pl\/forum\/wp-json\/wp\/v2\/media?parent=4358"}],"curies":[{"name":"wp","href":"https:\/\/api.w.org\/{rel}","templated":true}]}}