{"id":4312,"date":"2023-05-16T13:35:34","date_gmt":"2023-05-16T11:35:34","guid":{"rendered":"https:\/\/partycypacjaobywatelska.pl\/forum\/?page_id=4312"},"modified":"2023-06-06T10:52:12","modified_gmt":"2023-06-06T08:52:12","slug":"cale-spektrum-dostepnosci","status":"publish","type":"page","link":"https:\/\/partycypacjaobywatelska.pl\/forum\/edycja-10\/cale-spektrum-dostepnosci\/","title":{"rendered":"Ca\u0142e spektrum dost\u0119pno\u015bci"},"content":{"rendered":"","protected":false},"excerpt":{"rendered":"","protected":false},"author":196,"featured_media":0,"parent":4048,"menu_order":0,"comment_status":"closed","ping_status":"closed","template":"template-program.php","meta":[],"_links":{"self":[{"href":"https:\/\/partycypacjaobywatelska.pl\/forum\/wp-json\/wp\/v2\/pages\/4312"}],"collection":[{"href":"https:\/\/partycypacjaobywatelska.pl\/forum\/wp-json\/wp\/v2\/pages"}],"about":[{"href":"https:\/\/partycypacjaobywatelska.pl\/forum\/wp-json\/wp\/v2\/types\/page"}],"author":[{"embeddable":true,"href":"https:\/\/partycypacjaobywatelska.pl\/forum\/wp-json\/wp\/v2\/users\/196"}],"replies":[{"embeddable":true,"href":"https:\/\/partycypacjaobywatelska.pl\/forum\/wp-json\/wp\/v2\/comments?post=4312"}],"version-history":[{"count":5,"href":"https:\/\/partycypacjaobywatelska.pl\/forum\/wp-json\/wp\/v2\/pages\/4312\/revisions"}],"predecessor-version":[{"id":4522,"href":"https:\/\/partycypacjaobywatelska.pl\/forum\/wp-json\/wp\/v2\/pages\/4312\/revisions\/4522"}],"up":[{"embeddable":true,"href":"https:\/\/partycypacjaobywatelska.pl\/forum\/wp-json\/wp\/v2\/pages\/4048"}],"wp:attachment":[{"href":"https:\/\/partycypacjaobywatelska.pl\/forum\/wp-json\/wp\/v2\/media?parent=4312"}],"curies":[{"name":"wp","href":"https:\/\/api.w.org\/{rel}","templated":true}]}}