{"id":4304,"date":"2023-05-12T13:33:07","date_gmt":"2023-05-12T11:33:07","guid":{"rendered":"https:\/\/partycypacjaobywatelska.pl\/forum\/?page_id=4304"},"modified":"2023-06-06T10:09:58","modified_gmt":"2023-06-06T08:09:58","slug":"przygotowanie-inwestycji-miejskich-partycypacja-przed-i-w-trakcie-jak-dzialac-w-coraz-czestszych-sytuacjach-oprotestowywania-zmian-w-przestrzeni","status":"publish","type":"page","link":"https:\/\/partycypacjaobywatelska.pl\/forum\/edycja-10\/przygotowanie-inwestycji-miejskich-partycypacja-przed-i-w-trakcie-jak-dzialac-w-coraz-czestszych-sytuacjach-oprotestowywania-zmian-w-przestrzeni\/","title":{"rendered":"Przygotowanie inwestycji miejskich \u2013 partycypacja przed i w trakcie. Jak dzia\u0142a\u0107 w coraz cz\u0119stszych sytuacjach oprotestowywania zmian w przestrzeni?"},"content":{"rendered":"","protected":false},"excerpt":{"rendered":"","protected":false},"author":196,"featured_media":0,"parent":4048,"menu_order":0,"comment_status":"closed","ping_status":"closed","template":"template-program.php","meta":[],"_links":{"self":[{"href":"https:\/\/partycypacjaobywatelska.pl\/forum\/wp-json\/wp\/v2\/pages\/4304"}],"collection":[{"href":"https:\/\/partycypacjaobywatelska.pl\/forum\/wp-json\/wp\/v2\/pages"}],"about":[{"href":"https:\/\/partycypacjaobywatelska.pl\/forum\/wp-json\/wp\/v2\/types\/page"}],"author":[{"embeddable":true,"href":"https:\/\/partycypacjaobywatelska.pl\/forum\/wp-json\/wp\/v2\/users\/196"}],"replies":[{"embeddable":true,"href":"https:\/\/partycypacjaobywatelska.pl\/forum\/wp-json\/wp\/v2\/comments?post=4304"}],"version-history":[{"count":5,"href":"https:\/\/partycypacjaobywatelska.pl\/forum\/wp-json\/wp\/v2\/pages\/4304\/revisions"}],"predecessor-version":[{"id":4489,"href":"https:\/\/partycypacjaobywatelska.pl\/forum\/wp-json\/wp\/v2\/pages\/4304\/revisions\/4489"}],"up":[{"embeddable":true,"href":"https:\/\/partycypacjaobywatelska.pl\/forum\/wp-json\/wp\/v2\/pages\/4048"}],"wp:attachment":[{"href":"https:\/\/partycypacjaobywatelska.pl\/forum\/wp-json\/wp\/v2\/media?parent=4304"}],"curies":[{"name":"wp","href":"https:\/\/api.w.org\/{rel}","templated":true}]}}