{"id":4276,"date":"2023-05-12T12:18:46","date_gmt":"2023-05-12T10:18:46","guid":{"rendered":"https:\/\/partycypacjaobywatelska.pl\/forum\/?page_id=4276"},"modified":"2023-06-06T10:55:14","modified_gmt":"2023-06-06T08:55:14","slug":"wolontariat-jako-sposob-na-podniesienie-aktywnosci-mieszkancow-i-mieszkanek-oraz-wzmocnienie-instytucji","status":"publish","type":"page","link":"https:\/\/partycypacjaobywatelska.pl\/forum\/edycja-10\/wolontariat-jako-sposob-na-podniesienie-aktywnosci-mieszkancow-i-mieszkanek-oraz-wzmocnienie-instytucji\/","title":{"rendered":"Wolontariat jako spos\u00f3b na podniesienie aktywno\u015bci mieszka\u0144c\u00f3w i mieszkanek oraz wzmocnienie instytucji"},"content":{"rendered":"","protected":false},"excerpt":{"rendered":"","protected":false},"author":196,"featured_media":0,"parent":4048,"menu_order":0,"comment_status":"closed","ping_status":"closed","template":"template-program.php","meta":[],"_links":{"self":[{"href":"https:\/\/partycypacjaobywatelska.pl\/forum\/wp-json\/wp\/v2\/pages\/4276"}],"collection":[{"href":"https:\/\/partycypacjaobywatelska.pl\/forum\/wp-json\/wp\/v2\/pages"}],"about":[{"href":"https:\/\/partycypacjaobywatelska.pl\/forum\/wp-json\/wp\/v2\/types\/page"}],"author":[{"embeddable":true,"href":"https:\/\/partycypacjaobywatelska.pl\/forum\/wp-json\/wp\/v2\/users\/196"}],"replies":[{"embeddable":true,"href":"https:\/\/partycypacjaobywatelska.pl\/forum\/wp-json\/wp\/v2\/comments?post=4276"}],"version-history":[{"count":5,"href":"https:\/\/partycypacjaobywatelska.pl\/forum\/wp-json\/wp\/v2\/pages\/4276\/revisions"}],"predecessor-version":[{"id":4529,"href":"https:\/\/partycypacjaobywatelska.pl\/forum\/wp-json\/wp\/v2\/pages\/4276\/revisions\/4529"}],"up":[{"embeddable":true,"href":"https:\/\/partycypacjaobywatelska.pl\/forum\/wp-json\/wp\/v2\/pages\/4048"}],"wp:attachment":[{"href":"https:\/\/partycypacjaobywatelska.pl\/forum\/wp-json\/wp\/v2\/media?parent=4276"}],"curies":[{"name":"wp","href":"https:\/\/api.w.org\/{rel}","templated":true}]}}