{"id":4268,"date":"2023-05-12T10:30:49","date_gmt":"2023-05-12T08:30:49","guid":{"rendered":"https:\/\/partycypacjaobywatelska.pl\/forum\/?page_id=4268"},"modified":"2023-06-06T10:45:40","modified_gmt":"2023-06-06T08:45:40","slug":"jak-praktyk-z-badaczem-rozne-podejscia-i-spojrzenia-na-procesy-deliberacyjne","status":"publish","type":"page","link":"https:\/\/partycypacjaobywatelska.pl\/forum\/edycja-10\/jak-praktyk-z-badaczem-rozne-podejscia-i-spojrzenia-na-procesy-deliberacyjne\/","title":{"rendered":"Jak praktyk z badaczem \u2013 r\u00f3\u017cne podej\u015bcia i spojrzenia na procesy deliberacyjne"},"content":{"rendered":"","protected":false},"excerpt":{"rendered":"","protected":false},"author":196,"featured_media":0,"parent":4048,"menu_order":0,"comment_status":"closed","ping_status":"closed","template":"template-program.php","meta":[],"_links":{"self":[{"href":"https:\/\/partycypacjaobywatelska.pl\/forum\/wp-json\/wp\/v2\/pages\/4268"}],"collection":[{"href":"https:\/\/partycypacjaobywatelska.pl\/forum\/wp-json\/wp\/v2\/pages"}],"about":[{"href":"https:\/\/partycypacjaobywatelska.pl\/forum\/wp-json\/wp\/v2\/types\/page"}],"author":[{"embeddable":true,"href":"https:\/\/partycypacjaobywatelska.pl\/forum\/wp-json\/wp\/v2\/users\/196"}],"replies":[{"embeddable":true,"href":"https:\/\/partycypacjaobywatelska.pl\/forum\/wp-json\/wp\/v2\/comments?post=4268"}],"version-history":[{"count":5,"href":"https:\/\/partycypacjaobywatelska.pl\/forum\/wp-json\/wp\/v2\/pages\/4268\/revisions"}],"predecessor-version":[{"id":4519,"href":"https:\/\/partycypacjaobywatelska.pl\/forum\/wp-json\/wp\/v2\/pages\/4268\/revisions\/4519"}],"up":[{"embeddable":true,"href":"https:\/\/partycypacjaobywatelska.pl\/forum\/wp-json\/wp\/v2\/pages\/4048"}],"wp:attachment":[{"href":"https:\/\/partycypacjaobywatelska.pl\/forum\/wp-json\/wp\/v2\/media?parent=4268"}],"curies":[{"name":"wp","href":"https:\/\/api.w.org\/{rel}","templated":true}]}}