{"id":4264,"date":"2023-05-12T10:06:40","date_gmt":"2023-05-12T08:06:40","guid":{"rendered":"https:\/\/partycypacjaobywatelska.pl\/forum\/?page_id=4264"},"modified":"2023-06-06T10:52:32","modified_gmt":"2023-06-06T08:52:32","slug":"ogrodnik-czy-spadochroniarz-jak-wspolnie-uwalniac-potencjal-spoleczny","status":"publish","type":"page","link":"https:\/\/partycypacjaobywatelska.pl\/forum\/edycja-10\/ogrodnik-czy-spadochroniarz-jak-wspolnie-uwalniac-potencjal-spoleczny\/","title":{"rendered":"Ogrodnik czy spadochroniarz \u2013 jak wsp\u00f3lnie uwalnia\u0107 potencja\u0142 spo\u0142eczny?"},"content":{"rendered":"","protected":false},"excerpt":{"rendered":"","protected":false},"author":196,"featured_media":0,"parent":4048,"menu_order":0,"comment_status":"closed","ping_status":"closed","template":"template-program.php","meta":[],"_links":{"self":[{"href":"https:\/\/partycypacjaobywatelska.pl\/forum\/wp-json\/wp\/v2\/pages\/4264"}],"collection":[{"href":"https:\/\/partycypacjaobywatelska.pl\/forum\/wp-json\/wp\/v2\/pages"}],"about":[{"href":"https:\/\/partycypacjaobywatelska.pl\/forum\/wp-json\/wp\/v2\/types\/page"}],"author":[{"embeddable":true,"href":"https:\/\/partycypacjaobywatelska.pl\/forum\/wp-json\/wp\/v2\/users\/196"}],"replies":[{"embeddable":true,"href":"https:\/\/partycypacjaobywatelska.pl\/forum\/wp-json\/wp\/v2\/comments?post=4264"}],"version-history":[{"count":5,"href":"https:\/\/partycypacjaobywatelska.pl\/forum\/wp-json\/wp\/v2\/pages\/4264\/revisions"}],"predecessor-version":[{"id":4523,"href":"https:\/\/partycypacjaobywatelska.pl\/forum\/wp-json\/wp\/v2\/pages\/4264\/revisions\/4523"}],"up":[{"embeddable":true,"href":"https:\/\/partycypacjaobywatelska.pl\/forum\/wp-json\/wp\/v2\/pages\/4048"}],"wp:attachment":[{"href":"https:\/\/partycypacjaobywatelska.pl\/forum\/wp-json\/wp\/v2\/media?parent=4264"}],"curies":[{"name":"wp","href":"https:\/\/api.w.org\/{rel}","templated":true}]}}