{"id":4259,"date":"2023-05-12T09:53:15","date_gmt":"2023-05-12T07:53:15","guid":{"rendered":"https:\/\/partycypacjaobywatelska.pl\/forum\/?page_id=4259"},"modified":"2023-06-06T10:41:40","modified_gmt":"2023-06-06T08:41:40","slug":"partycypacja-seniorow-i-seniorek-w-zyciu-spolecznym","status":"publish","type":"page","link":"https:\/\/partycypacjaobywatelska.pl\/forum\/edycja-10\/partycypacja-seniorow-i-seniorek-w-zyciu-spolecznym\/","title":{"rendered":"Partycypacja senior\u00f3w i seniorek w \u017cyciu spo\u0142ecznym"},"content":{"rendered":"","protected":false},"excerpt":{"rendered":"","protected":false},"author":196,"featured_media":0,"parent":4048,"menu_order":0,"comment_status":"closed","ping_status":"closed","template":"template-program.php","meta":[],"_links":{"self":[{"href":"https:\/\/partycypacjaobywatelska.pl\/forum\/wp-json\/wp\/v2\/pages\/4259"}],"collection":[{"href":"https:\/\/partycypacjaobywatelska.pl\/forum\/wp-json\/wp\/v2\/pages"}],"about":[{"href":"https:\/\/partycypacjaobywatelska.pl\/forum\/wp-json\/wp\/v2\/types\/page"}],"author":[{"embeddable":true,"href":"https:\/\/partycypacjaobywatelska.pl\/forum\/wp-json\/wp\/v2\/users\/196"}],"replies":[{"embeddable":true,"href":"https:\/\/partycypacjaobywatelska.pl\/forum\/wp-json\/wp\/v2\/comments?post=4259"}],"version-history":[{"count":4,"href":"https:\/\/partycypacjaobywatelska.pl\/forum\/wp-json\/wp\/v2\/pages\/4259\/revisions"}],"predecessor-version":[{"id":4512,"href":"https:\/\/partycypacjaobywatelska.pl\/forum\/wp-json\/wp\/v2\/pages\/4259\/revisions\/4512"}],"up":[{"embeddable":true,"href":"https:\/\/partycypacjaobywatelska.pl\/forum\/wp-json\/wp\/v2\/pages\/4048"}],"wp:attachment":[{"href":"https:\/\/partycypacjaobywatelska.pl\/forum\/wp-json\/wp\/v2\/media?parent=4259"}],"curies":[{"name":"wp","href":"https:\/\/api.w.org\/{rel}","templated":true}]}}