{"id":4255,"date":"2023-05-12T09:45:00","date_gmt":"2023-05-12T07:45:00","guid":{"rendered":"https:\/\/partycypacjaobywatelska.pl\/forum\/?page_id=4255"},"modified":"2023-06-06T10:53:40","modified_gmt":"2023-06-06T08:53:40","slug":"jak-uczniowie-i-uczennice-moga-skutecznie-wplywac-na-sprawy-szkoly","status":"publish","type":"page","link":"https:\/\/partycypacjaobywatelska.pl\/forum\/edycja-10\/jak-uczniowie-i-uczennice-moga-skutecznie-wplywac-na-sprawy-szkoly\/","title":{"rendered":"Jak uczniowie i uczennice mog\u0105 skutecznie wp\u0142ywa\u0107 na sprawy szko\u0142y?"},"content":{"rendered":"","protected":false},"excerpt":{"rendered":"","protected":false},"author":196,"featured_media":0,"parent":4048,"menu_order":0,"comment_status":"closed","ping_status":"closed","template":"template-program.php","meta":[],"_links":{"self":[{"href":"https:\/\/partycypacjaobywatelska.pl\/forum\/wp-json\/wp\/v2\/pages\/4255"}],"collection":[{"href":"https:\/\/partycypacjaobywatelska.pl\/forum\/wp-json\/wp\/v2\/pages"}],"about":[{"href":"https:\/\/partycypacjaobywatelska.pl\/forum\/wp-json\/wp\/v2\/types\/page"}],"author":[{"embeddable":true,"href":"https:\/\/partycypacjaobywatelska.pl\/forum\/wp-json\/wp\/v2\/users\/196"}],"replies":[{"embeddable":true,"href":"https:\/\/partycypacjaobywatelska.pl\/forum\/wp-json\/wp\/v2\/comments?post=4255"}],"version-history":[{"count":6,"href":"https:\/\/partycypacjaobywatelska.pl\/forum\/wp-json\/wp\/v2\/pages\/4255\/revisions"}],"predecessor-version":[{"id":4526,"href":"https:\/\/partycypacjaobywatelska.pl\/forum\/wp-json\/wp\/v2\/pages\/4255\/revisions\/4526"}],"up":[{"embeddable":true,"href":"https:\/\/partycypacjaobywatelska.pl\/forum\/wp-json\/wp\/v2\/pages\/4048"}],"wp:attachment":[{"href":"https:\/\/partycypacjaobywatelska.pl\/forum\/wp-json\/wp\/v2\/media?parent=4255"}],"curies":[{"name":"wp","href":"https:\/\/api.w.org\/{rel}","templated":true}]}}