{"id":4215,"date":"2023-05-10T14:56:30","date_gmt":"2023-05-10T12:56:30","guid":{"rendered":"https:\/\/partycypacjaobywatelska.pl\/forum\/?page_id=4215"},"modified":"2023-06-06T10:14:40","modified_gmt":"2023-06-06T08:14:40","slug":"jak-skutecznie-wlaczac-nowe-technologie-do-partycypacji-szanse-i-zagrozenia","status":"publish","type":"page","link":"https:\/\/partycypacjaobywatelska.pl\/forum\/edycja-10\/jak-skutecznie-wlaczac-nowe-technologie-do-partycypacji-szanse-i-zagrozenia\/","title":{"rendered":"Jak skutecznie w\u0142\u0105cza\u0107 nowe technologie do partycypacji? Szanse i zagro\u017cenia"},"content":{"rendered":"","protected":false},"excerpt":{"rendered":"","protected":false},"author":196,"featured_media":0,"parent":4048,"menu_order":0,"comment_status":"closed","ping_status":"closed","template":"template-program.php","meta":[],"_links":{"self":[{"href":"https:\/\/partycypacjaobywatelska.pl\/forum\/wp-json\/wp\/v2\/pages\/4215"}],"collection":[{"href":"https:\/\/partycypacjaobywatelska.pl\/forum\/wp-json\/wp\/v2\/pages"}],"about":[{"href":"https:\/\/partycypacjaobywatelska.pl\/forum\/wp-json\/wp\/v2\/types\/page"}],"author":[{"embeddable":true,"href":"https:\/\/partycypacjaobywatelska.pl\/forum\/wp-json\/wp\/v2\/users\/196"}],"replies":[{"embeddable":true,"href":"https:\/\/partycypacjaobywatelska.pl\/forum\/wp-json\/wp\/v2\/comments?post=4215"}],"version-history":[{"count":4,"href":"https:\/\/partycypacjaobywatelska.pl\/forum\/wp-json\/wp\/v2\/pages\/4215\/revisions"}],"predecessor-version":[{"id":4500,"href":"https:\/\/partycypacjaobywatelska.pl\/forum\/wp-json\/wp\/v2\/pages\/4215\/revisions\/4500"}],"up":[{"embeddable":true,"href":"https:\/\/partycypacjaobywatelska.pl\/forum\/wp-json\/wp\/v2\/pages\/4048"}],"wp:attachment":[{"href":"https:\/\/partycypacjaobywatelska.pl\/forum\/wp-json\/wp\/v2\/media?parent=4215"}],"curies":[{"name":"wp","href":"https:\/\/api.w.org\/{rel}","templated":true}]}}