{"id":4207,"date":"2023-05-10T14:42:40","date_gmt":"2023-05-10T12:42:40","guid":{"rendered":"https:\/\/partycypacjaobywatelska.pl\/forum\/?page_id=4207"},"modified":"2023-06-06T10:13:59","modified_gmt":"2023-06-06T08:13:59","slug":"z-armaty-do-muchy-czyli-jak-dobierac-metody-konsultacji-spolecznych-do-tematu-by-nie-przestrzelic","status":"publish","type":"page","link":"https:\/\/partycypacjaobywatelska.pl\/forum\/edycja-10\/z-armaty-do-muchy-czyli-jak-dobierac-metody-konsultacji-spolecznych-do-tematu-by-nie-przestrzelic\/","title":{"rendered":"Z armaty do muchy \u2013 czyli jak dobiera\u0107 metody konsultacji spo\u0142ecznych do tematu, by nie przestrzeli\u0107"},"content":{"rendered":"","protected":false},"excerpt":{"rendered":"","protected":false},"author":196,"featured_media":0,"parent":4048,"menu_order":0,"comment_status":"closed","ping_status":"closed","template":"template-program.php","meta":[],"_links":{"self":[{"href":"https:\/\/partycypacjaobywatelska.pl\/forum\/wp-json\/wp\/v2\/pages\/4207"}],"collection":[{"href":"https:\/\/partycypacjaobywatelska.pl\/forum\/wp-json\/wp\/v2\/pages"}],"about":[{"href":"https:\/\/partycypacjaobywatelska.pl\/forum\/wp-json\/wp\/v2\/types\/page"}],"author":[{"embeddable":true,"href":"https:\/\/partycypacjaobywatelska.pl\/forum\/wp-json\/wp\/v2\/users\/196"}],"replies":[{"embeddable":true,"href":"https:\/\/partycypacjaobywatelska.pl\/forum\/wp-json\/wp\/v2\/comments?post=4207"}],"version-history":[{"count":6,"href":"https:\/\/partycypacjaobywatelska.pl\/forum\/wp-json\/wp\/v2\/pages\/4207\/revisions"}],"predecessor-version":[{"id":4498,"href":"https:\/\/partycypacjaobywatelska.pl\/forum\/wp-json\/wp\/v2\/pages\/4207\/revisions\/4498"}],"up":[{"embeddable":true,"href":"https:\/\/partycypacjaobywatelska.pl\/forum\/wp-json\/wp\/v2\/pages\/4048"}],"wp:attachment":[{"href":"https:\/\/partycypacjaobywatelska.pl\/forum\/wp-json\/wp\/v2\/media?parent=4207"}],"curies":[{"name":"wp","href":"https:\/\/api.w.org\/{rel}","templated":true}]}}