{"id":4202,"date":"2023-05-10T14:35:08","date_gmt":"2023-05-10T12:35:08","guid":{"rendered":"https:\/\/partycypacjaobywatelska.pl\/forum\/?page_id=4202"},"modified":"2023-06-12T13:36:30","modified_gmt":"2023-06-12T11:36:30","slug":"przy-wspolnym-stole-jak-wlaczac-dzieci-i-mlodziez-w-procesy-partycypacyjne","status":"publish","type":"page","link":"https:\/\/partycypacjaobywatelska.pl\/forum\/edycja-10\/przy-wspolnym-stole-jak-wlaczac-dzieci-i-mlodziez-w-procesy-partycypacyjne\/","title":{"rendered":"Przy wsp\u00f3lnym stole. Jak w\u0142\u0105cza\u0107 dzieci i m\u0142odzie\u017c w procesy partycypacyjne?"},"content":{"rendered":"","protected":false},"excerpt":{"rendered":"","protected":false},"author":196,"featured_media":0,"parent":4048,"menu_order":0,"comment_status":"closed","ping_status":"closed","template":"template-program.php","meta":[],"_links":{"self":[{"href":"https:\/\/partycypacjaobywatelska.pl\/forum\/wp-json\/wp\/v2\/pages\/4202"}],"collection":[{"href":"https:\/\/partycypacjaobywatelska.pl\/forum\/wp-json\/wp\/v2\/pages"}],"about":[{"href":"https:\/\/partycypacjaobywatelska.pl\/forum\/wp-json\/wp\/v2\/types\/page"}],"author":[{"embeddable":true,"href":"https:\/\/partycypacjaobywatelska.pl\/forum\/wp-json\/wp\/v2\/users\/196"}],"replies":[{"embeddable":true,"href":"https:\/\/partycypacjaobywatelska.pl\/forum\/wp-json\/wp\/v2\/comments?post=4202"}],"version-history":[{"count":11,"href":"https:\/\/partycypacjaobywatelska.pl\/forum\/wp-json\/wp\/v2\/pages\/4202\/revisions"}],"predecessor-version":[{"id":4576,"href":"https:\/\/partycypacjaobywatelska.pl\/forum\/wp-json\/wp\/v2\/pages\/4202\/revisions\/4576"}],"up":[{"embeddable":true,"href":"https:\/\/partycypacjaobywatelska.pl\/forum\/wp-json\/wp\/v2\/pages\/4048"}],"wp:attachment":[{"href":"https:\/\/partycypacjaobywatelska.pl\/forum\/wp-json\/wp\/v2\/media?parent=4202"}],"curies":[{"name":"wp","href":"https:\/\/api.w.org\/{rel}","templated":true}]}}