{"id":4191,"date":"2023-05-10T12:23:38","date_gmt":"2023-05-10T10:23:38","guid":{"rendered":"https:\/\/partycypacjaobywatelska.pl\/forum\/?page_id=4191"},"modified":"2023-06-26T10:09:12","modified_gmt":"2023-06-26T08:09:12","slug":"nowa-wies-fermy-przemyslowe-i-partycypacja-historie-o-tym-jak-mieszkancy-i-mieszkanki-wsi-decyduja-o-kierunku-rozwoju-swoich-spolecznosci","status":"publish","type":"page","link":"https:\/\/partycypacjaobywatelska.pl\/forum\/edycja-10\/nowa-wies-fermy-przemyslowe-i-partycypacja-historie-o-tym-jak-mieszkancy-i-mieszkanki-wsi-decyduja-o-kierunku-rozwoju-swoich-spolecznosci\/","title":{"rendered":"Nowa wie\u015b, fermy przemys\u0142owe i partycypacja. Historie o tym, jak mieszka\u0144cy i mieszkanki wsi decyduj\u0105 o kierunku rozwoju swoich spo\u0142eczno\u015bci"},"content":{"rendered":"","protected":false},"excerpt":{"rendered":"","protected":false},"author":196,"featured_media":0,"parent":4048,"menu_order":0,"comment_status":"closed","ping_status":"closed","template":"template-program.php","meta":[],"_links":{"self":[{"href":"https:\/\/partycypacjaobywatelska.pl\/forum\/wp-json\/wp\/v2\/pages\/4191"}],"collection":[{"href":"https:\/\/partycypacjaobywatelska.pl\/forum\/wp-json\/wp\/v2\/pages"}],"about":[{"href":"https:\/\/partycypacjaobywatelska.pl\/forum\/wp-json\/wp\/v2\/types\/page"}],"author":[{"embeddable":true,"href":"https:\/\/partycypacjaobywatelska.pl\/forum\/wp-json\/wp\/v2\/users\/196"}],"replies":[{"embeddable":true,"href":"https:\/\/partycypacjaobywatelska.pl\/forum\/wp-json\/wp\/v2\/comments?post=4191"}],"version-history":[{"count":10,"href":"https:\/\/partycypacjaobywatelska.pl\/forum\/wp-json\/wp\/v2\/pages\/4191\/revisions"}],"predecessor-version":[{"id":4901,"href":"https:\/\/partycypacjaobywatelska.pl\/forum\/wp-json\/wp\/v2\/pages\/4191\/revisions\/4901"}],"up":[{"embeddable":true,"href":"https:\/\/partycypacjaobywatelska.pl\/forum\/wp-json\/wp\/v2\/pages\/4048"}],"wp:attachment":[{"href":"https:\/\/partycypacjaobywatelska.pl\/forum\/wp-json\/wp\/v2\/media?parent=4191"}],"curies":[{"name":"wp","href":"https:\/\/api.w.org\/{rel}","templated":true}]}}