{"id":4178,"date":"2023-05-10T11:23:25","date_gmt":"2023-05-10T09:23:25","guid":{"rendered":"https:\/\/partycypacjaobywatelska.pl\/forum\/?page_id=4178"},"modified":"2023-06-07T13:11:44","modified_gmt":"2023-06-07T11:11:44","slug":"skad-przyszlismy-dokad-zmierzamy-ostatnia-taka-sesja-o-budzecie-obywatelskim-i-partycypacyjnym","status":"publish","type":"page","link":"https:\/\/partycypacjaobywatelska.pl\/forum\/edycja-10\/skad-przyszlismy-dokad-zmierzamy-ostatnia-taka-sesja-o-budzecie-obywatelskim-i-partycypacyjnym\/","title":{"rendered":"Sk\u0105d przyszli\u015bmy, dok\u0105d zmierzamy? Ostatnia taka sesja o bud\u017cecie obywatelskim i partycypacyjnym"},"content":{"rendered":"","protected":false},"excerpt":{"rendered":"","protected":false},"author":196,"featured_media":0,"parent":4048,"menu_order":0,"comment_status":"closed","ping_status":"closed","template":"template-program.php","meta":[],"_links":{"self":[{"href":"https:\/\/partycypacjaobywatelska.pl\/forum\/wp-json\/wp\/v2\/pages\/4178"}],"collection":[{"href":"https:\/\/partycypacjaobywatelska.pl\/forum\/wp-json\/wp\/v2\/pages"}],"about":[{"href":"https:\/\/partycypacjaobywatelska.pl\/forum\/wp-json\/wp\/v2\/types\/page"}],"author":[{"embeddable":true,"href":"https:\/\/partycypacjaobywatelska.pl\/forum\/wp-json\/wp\/v2\/users\/196"}],"replies":[{"embeddable":true,"href":"https:\/\/partycypacjaobywatelska.pl\/forum\/wp-json\/wp\/v2\/comments?post=4178"}],"version-history":[{"count":11,"href":"https:\/\/partycypacjaobywatelska.pl\/forum\/wp-json\/wp\/v2\/pages\/4178\/revisions"}],"predecessor-version":[{"id":4562,"href":"https:\/\/partycypacjaobywatelska.pl\/forum\/wp-json\/wp\/v2\/pages\/4178\/revisions\/4562"}],"up":[{"embeddable":true,"href":"https:\/\/partycypacjaobywatelska.pl\/forum\/wp-json\/wp\/v2\/pages\/4048"}],"wp:attachment":[{"href":"https:\/\/partycypacjaobywatelska.pl\/forum\/wp-json\/wp\/v2\/media?parent=4178"}],"curies":[{"name":"wp","href":"https:\/\/api.w.org\/{rel}","templated":true}]}}