{"id":4170,"date":"2023-05-10T11:08:53","date_gmt":"2023-05-10T09:08:53","guid":{"rendered":"https:\/\/partycypacjaobywatelska.pl\/forum\/?page_id=4170"},"modified":"2023-06-06T10:02:46","modified_gmt":"2023-06-06T08:02:46","slug":"abc-partycypacji-i-konsultacji-z-mieszkancami-i-mieszkankami-czyli-co-powinnismy-wiedziec-angazujac-ich-w-nasze-dzialania","status":"publish","type":"page","link":"https:\/\/partycypacjaobywatelska.pl\/forum\/edycja-10\/abc-partycypacji-i-konsultacji-z-mieszkancami-i-mieszkankami-czyli-co-powinnismy-wiedziec-angazujac-ich-w-nasze-dzialania\/","title":{"rendered":"ABC partycypacji i konsultacji z mieszka\u0144cami i mieszkankami, czyli co powinni\u015bmy wiedzie\u0107, anga\u017cuj\u0105c ich w nasze dzia\u0142ania"},"content":{"rendered":"","protected":false},"excerpt":{"rendered":"","protected":false},"author":196,"featured_media":0,"parent":4048,"menu_order":0,"comment_status":"closed","ping_status":"closed","template":"template-program.php","meta":[],"_links":{"self":[{"href":"https:\/\/partycypacjaobywatelska.pl\/forum\/wp-json\/wp\/v2\/pages\/4170"}],"collection":[{"href":"https:\/\/partycypacjaobywatelska.pl\/forum\/wp-json\/wp\/v2\/pages"}],"about":[{"href":"https:\/\/partycypacjaobywatelska.pl\/forum\/wp-json\/wp\/v2\/types\/page"}],"author":[{"embeddable":true,"href":"https:\/\/partycypacjaobywatelska.pl\/forum\/wp-json\/wp\/v2\/users\/196"}],"replies":[{"embeddable":true,"href":"https:\/\/partycypacjaobywatelska.pl\/forum\/wp-json\/wp\/v2\/comments?post=4170"}],"version-history":[{"count":6,"href":"https:\/\/partycypacjaobywatelska.pl\/forum\/wp-json\/wp\/v2\/pages\/4170\/revisions"}],"predecessor-version":[{"id":4482,"href":"https:\/\/partycypacjaobywatelska.pl\/forum\/wp-json\/wp\/v2\/pages\/4170\/revisions\/4482"}],"up":[{"embeddable":true,"href":"https:\/\/partycypacjaobywatelska.pl\/forum\/wp-json\/wp\/v2\/pages\/4048"}],"wp:attachment":[{"href":"https:\/\/partycypacjaobywatelska.pl\/forum\/wp-json\/wp\/v2\/media?parent=4170"}],"curies":[{"name":"wp","href":"https:\/\/api.w.org\/{rel}","templated":true}]}}