{"id":4153,"date":"2023-05-10T10:11:36","date_gmt":"2023-05-10T08:11:36","guid":{"rendered":"https:\/\/partycypacjaobywatelska.pl\/forum\/?page_id=4153"},"modified":"2023-06-13T12:15:39","modified_gmt":"2023-06-13T10:15:39","slug":"odbudowa-dialogu-jak-tworzyc-w-spolecznosci-przestrzen-do-dobrej-rozmowy","status":"publish","type":"page","link":"https:\/\/partycypacjaobywatelska.pl\/forum\/edycja-10\/odbudowa-dialogu-jak-tworzyc-w-spolecznosci-przestrzen-do-dobrej-rozmowy\/","title":{"rendered":"(Od)budowa dialogu. Jak tworzy\u0107 w spo\u0142eczno\u015bci przestrze\u0144 do dobrej rozmowy?"},"content":{"rendered":"","protected":false},"excerpt":{"rendered":"","protected":false},"author":196,"featured_media":0,"parent":4048,"menu_order":0,"comment_status":"closed","ping_status":"closed","template":"template-program.php","meta":[],"_links":{"self":[{"href":"https:\/\/partycypacjaobywatelska.pl\/forum\/wp-json\/wp\/v2\/pages\/4153"}],"collection":[{"href":"https:\/\/partycypacjaobywatelska.pl\/forum\/wp-json\/wp\/v2\/pages"}],"about":[{"href":"https:\/\/partycypacjaobywatelska.pl\/forum\/wp-json\/wp\/v2\/types\/page"}],"author":[{"embeddable":true,"href":"https:\/\/partycypacjaobywatelska.pl\/forum\/wp-json\/wp\/v2\/users\/196"}],"replies":[{"embeddable":true,"href":"https:\/\/partycypacjaobywatelska.pl\/forum\/wp-json\/wp\/v2\/comments?post=4153"}],"version-history":[{"count":16,"href":"https:\/\/partycypacjaobywatelska.pl\/forum\/wp-json\/wp\/v2\/pages\/4153\/revisions"}],"predecessor-version":[{"id":4586,"href":"https:\/\/partycypacjaobywatelska.pl\/forum\/wp-json\/wp\/v2\/pages\/4153\/revisions\/4586"}],"up":[{"embeddable":true,"href":"https:\/\/partycypacjaobywatelska.pl\/forum\/wp-json\/wp\/v2\/pages\/4048"}],"wp:attachment":[{"href":"https:\/\/partycypacjaobywatelska.pl\/forum\/wp-json\/wp\/v2\/media?parent=4153"}],"curies":[{"name":"wp","href":"https:\/\/api.w.org\/{rel}","templated":true}]}}