{"id":4146,"date":"2023-05-10T09:57:49","date_gmt":"2023-05-10T07:57:49","guid":{"rendered":"https:\/\/partycypacjaobywatelska.pl\/forum\/?page_id=4146"},"modified":"2023-06-06T10:11:16","modified_gmt":"2023-06-06T08:11:16","slug":"ja-praktyk-praktyczka-moje-motywacje-sens-dzialania-i-cele-na-przyszlosc","status":"publish","type":"page","link":"https:\/\/partycypacjaobywatelska.pl\/forum\/edycja-10\/ja-praktyk-praktyczka-moje-motywacje-sens-dzialania-i-cele-na-przyszlosc\/","title":{"rendered":"Ja \u2013 praktyk\/praktyczka. Moje motywacje, sens dzia\u0142ania i cele na przysz\u0142o\u015b\u0107"},"content":{"rendered":"","protected":false},"excerpt":{"rendered":"","protected":false},"author":196,"featured_media":0,"parent":4048,"menu_order":0,"comment_status":"closed","ping_status":"closed","template":"template-program.php","meta":[],"_links":{"self":[{"href":"https:\/\/partycypacjaobywatelska.pl\/forum\/wp-json\/wp\/v2\/pages\/4146"}],"collection":[{"href":"https:\/\/partycypacjaobywatelska.pl\/forum\/wp-json\/wp\/v2\/pages"}],"about":[{"href":"https:\/\/partycypacjaobywatelska.pl\/forum\/wp-json\/wp\/v2\/types\/page"}],"author":[{"embeddable":true,"href":"https:\/\/partycypacjaobywatelska.pl\/forum\/wp-json\/wp\/v2\/users\/196"}],"replies":[{"embeddable":true,"href":"https:\/\/partycypacjaobywatelska.pl\/forum\/wp-json\/wp\/v2\/comments?post=4146"}],"version-history":[{"count":8,"href":"https:\/\/partycypacjaobywatelska.pl\/forum\/wp-json\/wp\/v2\/pages\/4146\/revisions"}],"predecessor-version":[{"id":4492,"href":"https:\/\/partycypacjaobywatelska.pl\/forum\/wp-json\/wp\/v2\/pages\/4146\/revisions\/4492"}],"up":[{"embeddable":true,"href":"https:\/\/partycypacjaobywatelska.pl\/forum\/wp-json\/wp\/v2\/pages\/4048"}],"wp:attachment":[{"href":"https:\/\/partycypacjaobywatelska.pl\/forum\/wp-json\/wp\/v2\/media?parent=4146"}],"curies":[{"name":"wp","href":"https:\/\/api.w.org\/{rel}","templated":true}]}}