{"id":3561,"date":"2022-06-03T20:58:40","date_gmt":"2022-06-03T18:58:40","guid":{"rendered":"https:\/\/partycypacjaobywatelska.pl\/forum\/?page_id=3561"},"modified":"2022-06-14T14:14:23","modified_gmt":"2022-06-14T12:14:23","slug":"szkola-w-partycypacji-czyli-kto-i-czego-wlasciwie-sie-uczy","status":"publish","type":"page","link":"https:\/\/partycypacjaobywatelska.pl\/forum\/edycja-9\/szkola-w-partycypacji-czyli-kto-i-czego-wlasciwie-sie-uczy\/","title":{"rendered":"Szko\u0142a (w) partycypacji, czyli kto i czego w\u0142a\u015bciwie si\u0119 uczy?"},"content":{"rendered":"","protected":false},"excerpt":{"rendered":"","protected":false},"author":177,"featured_media":0,"parent":3208,"menu_order":0,"comment_status":"closed","ping_status":"closed","template":"template-program.php","meta":[],"_links":{"self":[{"href":"https:\/\/partycypacjaobywatelska.pl\/forum\/wp-json\/wp\/v2\/pages\/3561"}],"collection":[{"href":"https:\/\/partycypacjaobywatelska.pl\/forum\/wp-json\/wp\/v2\/pages"}],"about":[{"href":"https:\/\/partycypacjaobywatelska.pl\/forum\/wp-json\/wp\/v2\/types\/page"}],"author":[{"embeddable":true,"href":"https:\/\/partycypacjaobywatelska.pl\/forum\/wp-json\/wp\/v2\/users\/177"}],"replies":[{"embeddable":true,"href":"https:\/\/partycypacjaobywatelska.pl\/forum\/wp-json\/wp\/v2\/comments?post=3561"}],"version-history":[{"count":7,"href":"https:\/\/partycypacjaobywatelska.pl\/forum\/wp-json\/wp\/v2\/pages\/3561\/revisions"}],"predecessor-version":[{"id":3739,"href":"https:\/\/partycypacjaobywatelska.pl\/forum\/wp-json\/wp\/v2\/pages\/3561\/revisions\/3739"}],"up":[{"embeddable":true,"href":"https:\/\/partycypacjaobywatelska.pl\/forum\/wp-json\/wp\/v2\/pages\/3208"}],"wp:attachment":[{"href":"https:\/\/partycypacjaobywatelska.pl\/forum\/wp-json\/wp\/v2\/media?parent=3561"}],"curies":[{"name":"wp","href":"https:\/\/api.w.org\/{rel}","templated":true}]}}