{"id":3457,"date":"2022-05-27T17:20:59","date_gmt":"2022-05-27T15:20:59","guid":{"rendered":"https:\/\/partycypacjaobywatelska.pl\/forum\/?page_id=3457"},"modified":"2022-06-10T13:33:14","modified_gmt":"2022-06-10T11:33:14","slug":"od-kryzysu-do-sasiedztwa-jak-ulozyc-wspolne-zycie","status":"publish","type":"page","link":"https:\/\/partycypacjaobywatelska.pl\/forum\/edycja-9\/od-kryzysu-do-sasiedztwa-jak-ulozyc-wspolne-zycie\/","title":{"rendered":"Od kryzysu do s\u0105siedztwa? Jak u\u0142o\u017cy\u0107 wsp\u00f3lne \u017cycie"},"content":{"rendered":"","protected":false},"excerpt":{"rendered":"","protected":false},"author":196,"featured_media":0,"parent":3208,"menu_order":0,"comment_status":"closed","ping_status":"closed","template":"template-program.php","meta":[],"_links":{"self":[{"href":"https:\/\/partycypacjaobywatelska.pl\/forum\/wp-json\/wp\/v2\/pages\/3457"}],"collection":[{"href":"https:\/\/partycypacjaobywatelska.pl\/forum\/wp-json\/wp\/v2\/pages"}],"about":[{"href":"https:\/\/partycypacjaobywatelska.pl\/forum\/wp-json\/wp\/v2\/types\/page"}],"author":[{"embeddable":true,"href":"https:\/\/partycypacjaobywatelska.pl\/forum\/wp-json\/wp\/v2\/users\/196"}],"replies":[{"embeddable":true,"href":"https:\/\/partycypacjaobywatelska.pl\/forum\/wp-json\/wp\/v2\/comments?post=3457"}],"version-history":[{"count":4,"href":"https:\/\/partycypacjaobywatelska.pl\/forum\/wp-json\/wp\/v2\/pages\/3457\/revisions"}],"predecessor-version":[{"id":3643,"href":"https:\/\/partycypacjaobywatelska.pl\/forum\/wp-json\/wp\/v2\/pages\/3457\/revisions\/3643"}],"up":[{"embeddable":true,"href":"https:\/\/partycypacjaobywatelska.pl\/forum\/wp-json\/wp\/v2\/pages\/3208"}],"wp:attachment":[{"href":"https:\/\/partycypacjaobywatelska.pl\/forum\/wp-json\/wp\/v2\/media?parent=3457"}],"curies":[{"name":"wp","href":"https:\/\/api.w.org\/{rel}","templated":true}]}}