{"id":3449,"date":"2022-05-27T17:15:08","date_gmt":"2022-05-27T15:15:08","guid":{"rendered":"https:\/\/partycypacjaobywatelska.pl\/forum\/?page_id=3449"},"modified":"2022-07-05T13:36:38","modified_gmt":"2022-07-05T11:36:38","slug":"miasto-jako-laboratorium-dyskusja-wokol-miejskich-przykladow-i-doswiadczen-wdrazania-urban-living-labow","status":"publish","type":"page","link":"https:\/\/partycypacjaobywatelska.pl\/forum\/edycja-9\/miasto-jako-laboratorium-dyskusja-wokol-miejskich-przykladow-i-doswiadczen-wdrazania-urban-living-labow\/","title":{"rendered":"Miasto jako laboratorium. Dyskusja wok\u00f3\u0142 miejskich przyk\u0142ad\u00f3w i do\u015bwiadcze\u0144 wdra\u017cania Urban Living Lab&#8217;\u00f3w."},"content":{"rendered":"","protected":false},"excerpt":{"rendered":"","protected":false},"author":196,"featured_media":0,"parent":3208,"menu_order":0,"comment_status":"closed","ping_status":"closed","template":"template-program.php","meta":[],"_links":{"self":[{"href":"https:\/\/partycypacjaobywatelska.pl\/forum\/wp-json\/wp\/v2\/pages\/3449"}],"collection":[{"href":"https:\/\/partycypacjaobywatelska.pl\/forum\/wp-json\/wp\/v2\/pages"}],"about":[{"href":"https:\/\/partycypacjaobywatelska.pl\/forum\/wp-json\/wp\/v2\/types\/page"}],"author":[{"embeddable":true,"href":"https:\/\/partycypacjaobywatelska.pl\/forum\/wp-json\/wp\/v2\/users\/196"}],"replies":[{"embeddable":true,"href":"https:\/\/partycypacjaobywatelska.pl\/forum\/wp-json\/wp\/v2\/comments?post=3449"}],"version-history":[{"count":5,"href":"https:\/\/partycypacjaobywatelska.pl\/forum\/wp-json\/wp\/v2\/pages\/3449\/revisions"}],"predecessor-version":[{"id":3802,"href":"https:\/\/partycypacjaobywatelska.pl\/forum\/wp-json\/wp\/v2\/pages\/3449\/revisions\/3802"}],"up":[{"embeddable":true,"href":"https:\/\/partycypacjaobywatelska.pl\/forum\/wp-json\/wp\/v2\/pages\/3208"}],"wp:attachment":[{"href":"https:\/\/partycypacjaobywatelska.pl\/forum\/wp-json\/wp\/v2\/media?parent=3449"}],"curies":[{"name":"wp","href":"https:\/\/api.w.org\/{rel}","templated":true}]}}