{"id":3438,"date":"2022-05-27T17:09:10","date_gmt":"2022-05-27T15:09:10","guid":{"rendered":"https:\/\/partycypacjaobywatelska.pl\/forum\/?page_id=3438"},"modified":"2022-06-10T13:29:48","modified_gmt":"2022-06-10T11:29:48","slug":"dzieci-sa-za-male-i-sie-nie-znaja-dlaczego-odbieramy-im-prawo-do-decydowania-o-miescie","status":"publish","type":"page","link":"https:\/\/partycypacjaobywatelska.pl\/forum\/edycja-9\/dzieci-sa-za-male-i-sie-nie-znaja-dlaczego-odbieramy-im-prawo-do-decydowania-o-miescie\/","title":{"rendered":"\u201eDzieci s\u0105 za ma\u0142e i si\u0119 nie znaj\u0105\u201d \u2013 dlaczego odbieramy im prawo do decydowania o mie\u015bcie?"},"content":{"rendered":"","protected":false},"excerpt":{"rendered":"","protected":false},"author":196,"featured_media":0,"parent":3208,"menu_order":0,"comment_status":"closed","ping_status":"closed","template":"template-program.php","meta":[],"_links":{"self":[{"href":"https:\/\/partycypacjaobywatelska.pl\/forum\/wp-json\/wp\/v2\/pages\/3438"}],"collection":[{"href":"https:\/\/partycypacjaobywatelska.pl\/forum\/wp-json\/wp\/v2\/pages"}],"about":[{"href":"https:\/\/partycypacjaobywatelska.pl\/forum\/wp-json\/wp\/v2\/types\/page"}],"author":[{"embeddable":true,"href":"https:\/\/partycypacjaobywatelska.pl\/forum\/wp-json\/wp\/v2\/users\/196"}],"replies":[{"embeddable":true,"href":"https:\/\/partycypacjaobywatelska.pl\/forum\/wp-json\/wp\/v2\/comments?post=3438"}],"version-history":[{"count":3,"href":"https:\/\/partycypacjaobywatelska.pl\/forum\/wp-json\/wp\/v2\/pages\/3438\/revisions"}],"predecessor-version":[{"id":3638,"href":"https:\/\/partycypacjaobywatelska.pl\/forum\/wp-json\/wp\/v2\/pages\/3438\/revisions\/3638"}],"up":[{"embeddable":true,"href":"https:\/\/partycypacjaobywatelska.pl\/forum\/wp-json\/wp\/v2\/pages\/3208"}],"wp:attachment":[{"href":"https:\/\/partycypacjaobywatelska.pl\/forum\/wp-json\/wp\/v2\/media?parent=3438"}],"curies":[{"name":"wp","href":"https:\/\/api.w.org\/{rel}","templated":true}]}}