{"id":3411,"date":"2022-05-27T16:57:03","date_gmt":"2022-05-27T14:57:03","guid":{"rendered":"https:\/\/partycypacjaobywatelska.pl\/forum\/?page_id=3411"},"modified":"2022-06-13T10:18:15","modified_gmt":"2022-06-13T08:18:15","slug":"jak-skutecznie-angazowac-do-dialogu-mieszkanki-i-mieszkancow-nowoczesne-narzedzia-e-partycypacji-citizenlab-i-voxly-pl","status":"publish","type":"page","link":"https:\/\/partycypacjaobywatelska.pl\/forum\/edycja-9\/jak-skutecznie-angazowac-do-dialogu-mieszkanki-i-mieszkancow-nowoczesne-narzedzia-e-partycypacji-citizenlab-i-voxly-pl\/","title":{"rendered":"Jak skutecznie anga\u017cowa\u0107 do dialogu mieszkanki i mieszka\u0144c\u00f3w? Nowoczesne narz\u0119dzia e-partycypacji CitizenLab i Voxly.pl"},"content":{"rendered":"","protected":false},"excerpt":{"rendered":"","protected":false},"author":196,"featured_media":0,"parent":3208,"menu_order":0,"comment_status":"closed","ping_status":"closed","template":"template-program.php","meta":[],"_links":{"self":[{"href":"https:\/\/partycypacjaobywatelska.pl\/forum\/wp-json\/wp\/v2\/pages\/3411"}],"collection":[{"href":"https:\/\/partycypacjaobywatelska.pl\/forum\/wp-json\/wp\/v2\/pages"}],"about":[{"href":"https:\/\/partycypacjaobywatelska.pl\/forum\/wp-json\/wp\/v2\/types\/page"}],"author":[{"embeddable":true,"href":"https:\/\/partycypacjaobywatelska.pl\/forum\/wp-json\/wp\/v2\/users\/196"}],"replies":[{"embeddable":true,"href":"https:\/\/partycypacjaobywatelska.pl\/forum\/wp-json\/wp\/v2\/comments?post=3411"}],"version-history":[{"count":5,"href":"https:\/\/partycypacjaobywatelska.pl\/forum\/wp-json\/wp\/v2\/pages\/3411\/revisions"}],"predecessor-version":[{"id":3685,"href":"https:\/\/partycypacjaobywatelska.pl\/forum\/wp-json\/wp\/v2\/pages\/3411\/revisions\/3685"}],"up":[{"embeddable":true,"href":"https:\/\/partycypacjaobywatelska.pl\/forum\/wp-json\/wp\/v2\/pages\/3208"}],"wp:attachment":[{"href":"https:\/\/partycypacjaobywatelska.pl\/forum\/wp-json\/wp\/v2\/media?parent=3411"}],"curies":[{"name":"wp","href":"https:\/\/api.w.org\/{rel}","templated":true}]}}