{"id":3358,"date":"2022-05-27T12:24:29","date_gmt":"2022-05-27T10:24:29","guid":{"rendered":"https:\/\/partycypacjaobywatelska.pl\/forum\/?page_id=3358"},"modified":"2022-06-10T13:20:50","modified_gmt":"2022-06-10T11:20:50","slug":"abc-konsultacji-z-mieszkancami-czyli-co-powinnismy-wiedziec-wchodzac-w-proces-konsultacji","status":"publish","type":"page","link":"https:\/\/partycypacjaobywatelska.pl\/forum\/edycja-9\/abc-konsultacji-z-mieszkancami-czyli-co-powinnismy-wiedziec-wchodzac-w-proces-konsultacji\/","title":{"rendered":"ABC Konsultacji z mieszka\u0144cami, czyli co powinni\u015bmy wiedzie\u0107, wchodz\u0105c w proces konsultacji"},"content":{"rendered":"","protected":false},"excerpt":{"rendered":"","protected":false},"author":196,"featured_media":0,"parent":3208,"menu_order":0,"comment_status":"closed","ping_status":"closed","template":"template-program.php","meta":[],"_links":{"self":[{"href":"https:\/\/partycypacjaobywatelska.pl\/forum\/wp-json\/wp\/v2\/pages\/3358"}],"collection":[{"href":"https:\/\/partycypacjaobywatelska.pl\/forum\/wp-json\/wp\/v2\/pages"}],"about":[{"href":"https:\/\/partycypacjaobywatelska.pl\/forum\/wp-json\/wp\/v2\/types\/page"}],"author":[{"embeddable":true,"href":"https:\/\/partycypacjaobywatelska.pl\/forum\/wp-json\/wp\/v2\/users\/196"}],"replies":[{"embeddable":true,"href":"https:\/\/partycypacjaobywatelska.pl\/forum\/wp-json\/wp\/v2\/comments?post=3358"}],"version-history":[{"count":3,"href":"https:\/\/partycypacjaobywatelska.pl\/forum\/wp-json\/wp\/v2\/pages\/3358\/revisions"}],"predecessor-version":[{"id":3617,"href":"https:\/\/partycypacjaobywatelska.pl\/forum\/wp-json\/wp\/v2\/pages\/3358\/revisions\/3617"}],"up":[{"embeddable":true,"href":"https:\/\/partycypacjaobywatelska.pl\/forum\/wp-json\/wp\/v2\/pages\/3208"}],"wp:attachment":[{"href":"https:\/\/partycypacjaobywatelska.pl\/forum\/wp-json\/wp\/v2\/media?parent=3358"}],"curies":[{"name":"wp","href":"https:\/\/api.w.org\/{rel}","templated":true}]}}