{"id":3340,"date":"2022-05-27T11:53:05","date_gmt":"2022-05-27T09:53:05","guid":{"rendered":"https:\/\/partycypacjaobywatelska.pl\/forum\/?page_id=3340"},"modified":"2022-06-15T16:12:38","modified_gmt":"2022-06-15T14:12:38","slug":"zielone-swiatlo-dla-dabrowian-jak-zmiana-ukladu-komunikacyjnego-i-likwidacja-barier-zwieksza-dostepnosc-i-angazuje-mieszkancow","status":"publish","type":"page","link":"https:\/\/partycypacjaobywatelska.pl\/forum\/edycja-9\/zielone-swiatlo-dla-dabrowian-jak-zmiana-ukladu-komunikacyjnego-i-likwidacja-barier-zwieksza-dostepnosc-i-angazuje-mieszkancow\/","title":{"rendered":"Zielone \u015bwiat\u0142o dla d\u0105browian. Jak zmiana uk\u0142adu komunikacyjnego i likwidacja barier zwi\u0119ksza dost\u0119pno\u015b\u0107 i anga\u017cuje mieszka\u0144c\u00f3w?"},"content":{"rendered":"","protected":false},"excerpt":{"rendered":"","protected":false},"author":196,"featured_media":0,"parent":3208,"menu_order":0,"comment_status":"closed","ping_status":"closed","template":"template-program.php","meta":[],"_links":{"self":[{"href":"https:\/\/partycypacjaobywatelska.pl\/forum\/wp-json\/wp\/v2\/pages\/3340"}],"collection":[{"href":"https:\/\/partycypacjaobywatelska.pl\/forum\/wp-json\/wp\/v2\/pages"}],"about":[{"href":"https:\/\/partycypacjaobywatelska.pl\/forum\/wp-json\/wp\/v2\/types\/page"}],"author":[{"embeddable":true,"href":"https:\/\/partycypacjaobywatelska.pl\/forum\/wp-json\/wp\/v2\/users\/196"}],"replies":[{"embeddable":true,"href":"https:\/\/partycypacjaobywatelska.pl\/forum\/wp-json\/wp\/v2\/comments?post=3340"}],"version-history":[{"count":14,"href":"https:\/\/partycypacjaobywatelska.pl\/forum\/wp-json\/wp\/v2\/pages\/3340\/revisions"}],"predecessor-version":[{"id":3758,"href":"https:\/\/partycypacjaobywatelska.pl\/forum\/wp-json\/wp\/v2\/pages\/3340\/revisions\/3758"}],"up":[{"embeddable":true,"href":"https:\/\/partycypacjaobywatelska.pl\/forum\/wp-json\/wp\/v2\/pages\/3208"}],"wp:attachment":[{"href":"https:\/\/partycypacjaobywatelska.pl\/forum\/wp-json\/wp\/v2\/media?parent=3340"}],"curies":[{"name":"wp","href":"https:\/\/api.w.org\/{rel}","templated":true}]}}