{"id":3333,"date":"2022-05-27T10:57:36","date_gmt":"2022-05-27T08:57:36","guid":{"rendered":"https:\/\/partycypacjaobywatelska.pl\/forum\/?page_id=3333"},"modified":"2022-06-14T11:50:19","modified_gmt":"2022-06-14T09:50:19","slug":"polityka-spojnosci-w-polsce-jak-partycypowac-zgodnie-z-europejska-zasada-partnerstwa","status":"publish","type":"page","link":"https:\/\/partycypacjaobywatelska.pl\/forum\/edycja-9\/polityka-spojnosci-w-polsce-jak-partycypowac-zgodnie-z-europejska-zasada-partnerstwa\/","title":{"rendered":"Polityka sp\u00f3jno\u015bci w Polsce &#8211; jak partycypowa\u0107 zgodnie z europejsk\u0105 zasad\u0105 partnerstwa?"},"content":{"rendered":"","protected":false},"excerpt":{"rendered":"","protected":false},"author":177,"featured_media":0,"parent":3208,"menu_order":0,"comment_status":"closed","ping_status":"closed","template":"template-program.php","meta":[],"_links":{"self":[{"href":"https:\/\/partycypacjaobywatelska.pl\/forum\/wp-json\/wp\/v2\/pages\/3333"}],"collection":[{"href":"https:\/\/partycypacjaobywatelska.pl\/forum\/wp-json\/wp\/v2\/pages"}],"about":[{"href":"https:\/\/partycypacjaobywatelska.pl\/forum\/wp-json\/wp\/v2\/types\/page"}],"author":[{"embeddable":true,"href":"https:\/\/partycypacjaobywatelska.pl\/forum\/wp-json\/wp\/v2\/users\/177"}],"replies":[{"embeddable":true,"href":"https:\/\/partycypacjaobywatelska.pl\/forum\/wp-json\/wp\/v2\/comments?post=3333"}],"version-history":[{"count":12,"href":"https:\/\/partycypacjaobywatelska.pl\/forum\/wp-json\/wp\/v2\/pages\/3333\/revisions"}],"predecessor-version":[{"id":3733,"href":"https:\/\/partycypacjaobywatelska.pl\/forum\/wp-json\/wp\/v2\/pages\/3333\/revisions\/3733"}],"up":[{"embeddable":true,"href":"https:\/\/partycypacjaobywatelska.pl\/forum\/wp-json\/wp\/v2\/pages\/3208"}],"wp:attachment":[{"href":"https:\/\/partycypacjaobywatelska.pl\/forum\/wp-json\/wp\/v2\/media?parent=3333"}],"curies":[{"name":"wp","href":"https:\/\/api.w.org\/{rel}","templated":true}]}}