{"id":2882,"date":"2021-06-08T12:10:13","date_gmt":"2021-06-08T10:10:13","guid":{"rendered":"http:\/\/partycypacjaobywatelska.pl\/forum\/?page_id=2882"},"modified":"2021-06-28T10:47:48","modified_gmt":"2021-06-28T08:47:48","slug":"lekcje-z-konsultacji-jak-wyciagac-przydatne-wnioski-z-oceny-procesow","status":"publish","type":"page","link":"https:\/\/partycypacjaobywatelska.pl\/forum\/lekcje-z-konsultacji-jak-wyciagac-przydatne-wnioski-z-oceny-procesow\/","title":{"rendered":"Lekcje z konsultacji. Jak wyci\u0105ga\u0107 przydatne wnioski z oceny proces\u00f3w"},"content":{"rendered":"","protected":false},"excerpt":{"rendered":"","protected":false},"author":141,"featured_media":0,"parent":0,"menu_order":0,"comment_status":"closed","ping_status":"closed","template":"template-program.php","meta":[],"_links":{"self":[{"href":"https:\/\/partycypacjaobywatelska.pl\/forum\/wp-json\/wp\/v2\/pages\/2882"}],"collection":[{"href":"https:\/\/partycypacjaobywatelska.pl\/forum\/wp-json\/wp\/v2\/pages"}],"about":[{"href":"https:\/\/partycypacjaobywatelska.pl\/forum\/wp-json\/wp\/v2\/types\/page"}],"author":[{"embeddable":true,"href":"https:\/\/partycypacjaobywatelska.pl\/forum\/wp-json\/wp\/v2\/users\/141"}],"replies":[{"embeddable":true,"href":"https:\/\/partycypacjaobywatelska.pl\/forum\/wp-json\/wp\/v2\/comments?post=2882"}],"version-history":[{"count":7,"href":"https:\/\/partycypacjaobywatelska.pl\/forum\/wp-json\/wp\/v2\/pages\/2882\/revisions"}],"predecessor-version":[{"id":3119,"href":"https:\/\/partycypacjaobywatelska.pl\/forum\/wp-json\/wp\/v2\/pages\/2882\/revisions\/3119"}],"wp:attachment":[{"href":"https:\/\/partycypacjaobywatelska.pl\/forum\/wp-json\/wp\/v2\/media?parent=2882"}],"curies":[{"name":"wp","href":"https:\/\/api.w.org\/{rel}","templated":true}]}}