{"id":2871,"date":"2021-06-08T11:56:16","date_gmt":"2021-06-08T09:56:16","guid":{"rendered":"http:\/\/partycypacjaobywatelska.pl\/forum\/?page_id=2871"},"modified":"2021-06-28T10:57:50","modified_gmt":"2021-06-28T08:57:50","slug":"kompendium-wiedzy-o-raportach-z-konsultacji-spolecznych-dla-tych-co-zaczynaja-i-dla-tych-co-juz-wiele-przeszli","status":"publish","type":"page","link":"https:\/\/partycypacjaobywatelska.pl\/forum\/kompendium-wiedzy-o-raportach-z-konsultacji-spolecznych-dla-tych-co-zaczynaja-i-dla-tych-co-juz-wiele-przeszli\/","title":{"rendered":"Kompendium wiedzy o raportach z konsultacji spo\u0142ecznych dla tych, co zaczynaj\u0105, i dla tych, co ju\u017c wiele przeszli"},"content":{"rendered":"","protected":false},"excerpt":{"rendered":"","protected":false},"author":141,"featured_media":0,"parent":0,"menu_order":0,"comment_status":"closed","ping_status":"closed","template":"template-program.php","meta":[],"_links":{"self":[{"href":"https:\/\/partycypacjaobywatelska.pl\/forum\/wp-json\/wp\/v2\/pages\/2871"}],"collection":[{"href":"https:\/\/partycypacjaobywatelska.pl\/forum\/wp-json\/wp\/v2\/pages"}],"about":[{"href":"https:\/\/partycypacjaobywatelska.pl\/forum\/wp-json\/wp\/v2\/types\/page"}],"author":[{"embeddable":true,"href":"https:\/\/partycypacjaobywatelska.pl\/forum\/wp-json\/wp\/v2\/users\/141"}],"replies":[{"embeddable":true,"href":"https:\/\/partycypacjaobywatelska.pl\/forum\/wp-json\/wp\/v2\/comments?post=2871"}],"version-history":[{"count":11,"href":"https:\/\/partycypacjaobywatelska.pl\/forum\/wp-json\/wp\/v2\/pages\/2871\/revisions"}],"predecessor-version":[{"id":3123,"href":"https:\/\/partycypacjaobywatelska.pl\/forum\/wp-json\/wp\/v2\/pages\/2871\/revisions\/3123"}],"wp:attachment":[{"href":"https:\/\/partycypacjaobywatelska.pl\/forum\/wp-json\/wp\/v2\/media?parent=2871"}],"curies":[{"name":"wp","href":"https:\/\/api.w.org\/{rel}","templated":true}]}}