{"id":2851,"date":"2021-06-08T10:54:18","date_gmt":"2021-06-08T08:54:18","guid":{"rendered":"http:\/\/partycypacjaobywatelska.pl\/forum\/?page_id=2851"},"modified":"2021-06-25T09:59:03","modified_gmt":"2021-06-25T07:59:03","slug":"partycypacja-obywatelska-a-nierownosci-spoleczne-teoria-i-praktyka","status":"publish","type":"page","link":"https:\/\/partycypacjaobywatelska.pl\/forum\/partycypacja-obywatelska-a-nierownosci-spoleczne-teoria-i-praktyka\/","title":{"rendered":"Partycypacja obywatelska a nier\u00f3wno\u015bci spo\u0142eczne \u2013 teoria i praktyka"},"content":{"rendered":"","protected":false},"excerpt":{"rendered":"","protected":false},"author":141,"featured_media":0,"parent":0,"menu_order":0,"comment_status":"closed","ping_status":"closed","template":"template-program.php","meta":[],"_links":{"self":[{"href":"https:\/\/partycypacjaobywatelska.pl\/forum\/wp-json\/wp\/v2\/pages\/2851"}],"collection":[{"href":"https:\/\/partycypacjaobywatelska.pl\/forum\/wp-json\/wp\/v2\/pages"}],"about":[{"href":"https:\/\/partycypacjaobywatelska.pl\/forum\/wp-json\/wp\/v2\/types\/page"}],"author":[{"embeddable":true,"href":"https:\/\/partycypacjaobywatelska.pl\/forum\/wp-json\/wp\/v2\/users\/141"}],"replies":[{"embeddable":true,"href":"https:\/\/partycypacjaobywatelska.pl\/forum\/wp-json\/wp\/v2\/comments?post=2851"}],"version-history":[{"count":7,"href":"https:\/\/partycypacjaobywatelska.pl\/forum\/wp-json\/wp\/v2\/pages\/2851\/revisions"}],"predecessor-version":[{"id":3082,"href":"https:\/\/partycypacjaobywatelska.pl\/forum\/wp-json\/wp\/v2\/pages\/2851\/revisions\/3082"}],"wp:attachment":[{"href":"https:\/\/partycypacjaobywatelska.pl\/forum\/wp-json\/wp\/v2\/media?parent=2851"}],"curies":[{"name":"wp","href":"https:\/\/api.w.org\/{rel}","templated":true}]}}