{"id":2838,"date":"2021-06-08T10:26:11","date_gmt":"2021-06-08T08:26:11","guid":{"rendered":"http:\/\/partycypacjaobywatelska.pl\/forum\/?page_id=2838"},"modified":"2021-06-25T16:16:43","modified_gmt":"2021-06-25T14:16:43","slug":"szkolne-budzety-obywatelskie-wskazowki-i-rozmowa-o-ich-przyszlosci","status":"publish","type":"page","link":"https:\/\/partycypacjaobywatelska.pl\/forum\/szkolne-budzety-obywatelskie-wskazowki-i-rozmowa-o-ich-przyszlosci\/","title":{"rendered":"Szkolne bud\u017cety obywatelskie \u2013 wskaz\u00f3wki i rozmowa o ich przysz\u0142o\u015bci"},"content":{"rendered":"","protected":false},"excerpt":{"rendered":"","protected":false},"author":141,"featured_media":0,"parent":0,"menu_order":0,"comment_status":"closed","ping_status":"closed","template":"template-program.php","meta":[],"_links":{"self":[{"href":"https:\/\/partycypacjaobywatelska.pl\/forum\/wp-json\/wp\/v2\/pages\/2838"}],"collection":[{"href":"https:\/\/partycypacjaobywatelska.pl\/forum\/wp-json\/wp\/v2\/pages"}],"about":[{"href":"https:\/\/partycypacjaobywatelska.pl\/forum\/wp-json\/wp\/v2\/types\/page"}],"author":[{"embeddable":true,"href":"https:\/\/partycypacjaobywatelska.pl\/forum\/wp-json\/wp\/v2\/users\/141"}],"replies":[{"embeddable":true,"href":"https:\/\/partycypacjaobywatelska.pl\/forum\/wp-json\/wp\/v2\/comments?post=2838"}],"version-history":[{"count":13,"href":"https:\/\/partycypacjaobywatelska.pl\/forum\/wp-json\/wp\/v2\/pages\/2838\/revisions"}],"predecessor-version":[{"id":3104,"href":"https:\/\/partycypacjaobywatelska.pl\/forum\/wp-json\/wp\/v2\/pages\/2838\/revisions\/3104"}],"wp:attachment":[{"href":"https:\/\/partycypacjaobywatelska.pl\/forum\/wp-json\/wp\/v2\/media?parent=2838"}],"curies":[{"name":"wp","href":"https:\/\/api.w.org\/{rel}","templated":true}]}}