{"id":2806,"date":"2021-06-07T14:40:56","date_gmt":"2021-06-07T12:40:56","guid":{"rendered":"http:\/\/partycypacjaobywatelska.pl\/forum\/?page_id=2806"},"modified":"2021-06-25T09:41:18","modified_gmt":"2021-06-25T07:41:18","slug":"irlandzki-panel-obywatelski-o-rownosci-plci-od-kuchni","status":"publish","type":"page","link":"https:\/\/partycypacjaobywatelska.pl\/forum\/irlandzki-panel-obywatelski-o-rownosci-plci-od-kuchni\/","title":{"rendered":"Irlandzki panel obywatelski o r\u00f3wno\u015bci p\u0142ci od kuchni"},"content":{"rendered":"","protected":false},"excerpt":{"rendered":"","protected":false},"author":141,"featured_media":0,"parent":0,"menu_order":0,"comment_status":"closed","ping_status":"closed","template":"template-program.php","meta":[],"_links":{"self":[{"href":"https:\/\/partycypacjaobywatelska.pl\/forum\/wp-json\/wp\/v2\/pages\/2806"}],"collection":[{"href":"https:\/\/partycypacjaobywatelska.pl\/forum\/wp-json\/wp\/v2\/pages"}],"about":[{"href":"https:\/\/partycypacjaobywatelska.pl\/forum\/wp-json\/wp\/v2\/types\/page"}],"author":[{"embeddable":true,"href":"https:\/\/partycypacjaobywatelska.pl\/forum\/wp-json\/wp\/v2\/users\/141"}],"replies":[{"embeddable":true,"href":"https:\/\/partycypacjaobywatelska.pl\/forum\/wp-json\/wp\/v2\/comments?post=2806"}],"version-history":[{"count":9,"href":"https:\/\/partycypacjaobywatelska.pl\/forum\/wp-json\/wp\/v2\/pages\/2806\/revisions"}],"predecessor-version":[{"id":3062,"href":"https:\/\/partycypacjaobywatelska.pl\/forum\/wp-json\/wp\/v2\/pages\/2806\/revisions\/3062"}],"wp:attachment":[{"href":"https:\/\/partycypacjaobywatelska.pl\/forum\/wp-json\/wp\/v2\/media?parent=2806"}],"curies":[{"name":"wp","href":"https:\/\/api.w.org\/{rel}","templated":true}]}}