{"id":2792,"date":"2021-06-07T14:34:25","date_gmt":"2021-06-07T12:34:25","guid":{"rendered":"http:\/\/partycypacjaobywatelska.pl\/forum\/?page_id=2792"},"modified":"2021-06-25T09:40:19","modified_gmt":"2021-06-25T07:40:19","slug":"fundusz-sasiedzki-jak-wspierac-mieszkancow-w-dzialaniach-sasiedzkich","status":"publish","type":"page","link":"https:\/\/partycypacjaobywatelska.pl\/forum\/fundusz-sasiedzki-jak-wspierac-mieszkancow-w-dzialaniach-sasiedzkich\/","title":{"rendered":"Fundusz s\u0105siedzki \u2013 jak wspiera\u0107 mieszka\u0144c\u00f3w w dzia\u0142aniach s\u0105siedzkich"},"content":{"rendered":"","protected":false},"excerpt":{"rendered":"","protected":false},"author":141,"featured_media":0,"parent":0,"menu_order":0,"comment_status":"closed","ping_status":"closed","template":"template-program.php","meta":[],"_links":{"self":[{"href":"https:\/\/partycypacjaobywatelska.pl\/forum\/wp-json\/wp\/v2\/pages\/2792"}],"collection":[{"href":"https:\/\/partycypacjaobywatelska.pl\/forum\/wp-json\/wp\/v2\/pages"}],"about":[{"href":"https:\/\/partycypacjaobywatelska.pl\/forum\/wp-json\/wp\/v2\/types\/page"}],"author":[{"embeddable":true,"href":"https:\/\/partycypacjaobywatelska.pl\/forum\/wp-json\/wp\/v2\/users\/141"}],"replies":[{"embeddable":true,"href":"https:\/\/partycypacjaobywatelska.pl\/forum\/wp-json\/wp\/v2\/comments?post=2792"}],"version-history":[{"count":12,"href":"https:\/\/partycypacjaobywatelska.pl\/forum\/wp-json\/wp\/v2\/pages\/2792\/revisions"}],"predecessor-version":[{"id":3060,"href":"https:\/\/partycypacjaobywatelska.pl\/forum\/wp-json\/wp\/v2\/pages\/2792\/revisions\/3060"}],"wp:attachment":[{"href":"https:\/\/partycypacjaobywatelska.pl\/forum\/wp-json\/wp\/v2\/media?parent=2792"}],"curies":[{"name":"wp","href":"https:\/\/api.w.org\/{rel}","templated":true}]}}