{"id":2729,"date":"2021-06-01T16:41:58","date_gmt":"2021-06-01T14:41:58","guid":{"rendered":"http:\/\/partycypacjaobywatelska.pl\/forum\/?page_id=2729"},"modified":"2021-06-28T11:03:25","modified_gmt":"2021-06-28T09:03:25","slug":"raport-o-stanie-gminy-jak-odnalezc-w-nim-miejsce-dla-mieszkancow-i-mieszkanek","status":"publish","type":"page","link":"https:\/\/partycypacjaobywatelska.pl\/forum\/raport-o-stanie-gminy-jak-odnalezc-w-nim-miejsce-dla-mieszkancow-i-mieszkanek\/","title":{"rendered":"Raport o stanie gminy \u2013 jak odnale\u017a\u0107 w nim miejsce dla mieszka\u0144c\u00f3w i mieszkanek?"},"content":{"rendered":"","protected":false},"excerpt":{"rendered":"","protected":false},"author":141,"featured_media":0,"parent":0,"menu_order":0,"comment_status":"closed","ping_status":"closed","template":"template-program.php","meta":[],"_links":{"self":[{"href":"https:\/\/partycypacjaobywatelska.pl\/forum\/wp-json\/wp\/v2\/pages\/2729"}],"collection":[{"href":"https:\/\/partycypacjaobywatelska.pl\/forum\/wp-json\/wp\/v2\/pages"}],"about":[{"href":"https:\/\/partycypacjaobywatelska.pl\/forum\/wp-json\/wp\/v2\/types\/page"}],"author":[{"embeddable":true,"href":"https:\/\/partycypacjaobywatelska.pl\/forum\/wp-json\/wp\/v2\/users\/141"}],"replies":[{"embeddable":true,"href":"https:\/\/partycypacjaobywatelska.pl\/forum\/wp-json\/wp\/v2\/comments?post=2729"}],"version-history":[{"count":19,"href":"https:\/\/partycypacjaobywatelska.pl\/forum\/wp-json\/wp\/v2\/pages\/2729\/revisions"}],"predecessor-version":[{"id":3126,"href":"https:\/\/partycypacjaobywatelska.pl\/forum\/wp-json\/wp\/v2\/pages\/2729\/revisions\/3126"}],"wp:attachment":[{"href":"https:\/\/partycypacjaobywatelska.pl\/forum\/wp-json\/wp\/v2\/media?parent=2729"}],"curies":[{"name":"wp","href":"https:\/\/api.w.org\/{rel}","templated":true}]}}