{"id":2232,"date":"2019-06-14T11:40:38","date_gmt":"2019-06-14T09:40:38","guid":{"rendered":"http:\/\/partycypacjaobywatelska.pl\/forum\/?page_id=2232"},"modified":"2019-06-14T11:44:15","modified_gmt":"2019-06-14T09:44:15","slug":"rozpoczecie-forum-poznanie-sie-uczestnikow-i-krotki-wstep-merytoryczny","status":"publish","type":"page","link":"https:\/\/partycypacjaobywatelska.pl\/forum\/edycja-6\/rozpoczecie-forum-poznanie-sie-uczestnikow-i-krotki-wstep-merytoryczny\/","title":{"rendered":"Rozpocz\u0119cie Forum, poznanie si\u0119 uczestnik\u00f3w i kr\u00f3tki wst\u0119p merytoryczny"},"content":{"rendered":"","protected":false},"excerpt":{"rendered":"","protected":false},"author":141,"featured_media":0,"parent":908,"menu_order":0,"comment_status":"closed","ping_status":"closed","template":"template-program.php","meta":[],"_links":{"self":[{"href":"https:\/\/partycypacjaobywatelska.pl\/forum\/wp-json\/wp\/v2\/pages\/2232"}],"collection":[{"href":"https:\/\/partycypacjaobywatelska.pl\/forum\/wp-json\/wp\/v2\/pages"}],"about":[{"href":"https:\/\/partycypacjaobywatelska.pl\/forum\/wp-json\/wp\/v2\/types\/page"}],"author":[{"embeddable":true,"href":"https:\/\/partycypacjaobywatelska.pl\/forum\/wp-json\/wp\/v2\/users\/141"}],"replies":[{"embeddable":true,"href":"https:\/\/partycypacjaobywatelska.pl\/forum\/wp-json\/wp\/v2\/comments?post=2232"}],"version-history":[{"count":4,"href":"https:\/\/partycypacjaobywatelska.pl\/forum\/wp-json\/wp\/v2\/pages\/2232\/revisions"}],"predecessor-version":[{"id":2237,"href":"https:\/\/partycypacjaobywatelska.pl\/forum\/wp-json\/wp\/v2\/pages\/2232\/revisions\/2237"}],"up":[{"embeddable":true,"href":"https:\/\/partycypacjaobywatelska.pl\/forum\/wp-json\/wp\/v2\/pages\/908"}],"wp:attachment":[{"href":"https:\/\/partycypacjaobywatelska.pl\/forum\/wp-json\/wp\/v2\/media?parent=2232"}],"curies":[{"name":"wp","href":"https:\/\/api.w.org\/{rel}","templated":true}]}}