{"id":2113,"date":"2019-06-05T13:17:52","date_gmt":"2019-06-05T11:17:52","guid":{"rendered":"http:\/\/partycypacjaobywatelska.pl\/forum\/?page_id=2113"},"modified":"2019-06-05T13:59:26","modified_gmt":"2019-06-05T11:59:26","slug":"projektowanie-zaangazowane-jak-przekonywac-do-spolecznych-racji-emocje-i-argumenty","status":"publish","type":"page","link":"https:\/\/partycypacjaobywatelska.pl\/forum\/edycja-6\/projektowanie-zaangazowane-jak-przekonywac-do-spolecznych-racji-emocje-i-argumenty\/","title":{"rendered":"PROJEKTOWANIE ZAANGA\u017bOWANE. Jak przekonywa\u0107 do spo\u0142ecznych racji? Emocje i argumenty"},"content":{"rendered":"","protected":false},"excerpt":{"rendered":"","protected":false},"author":141,"featured_media":0,"parent":908,"menu_order":0,"comment_status":"closed","ping_status":"closed","template":"template-program.php","meta":[],"_links":{"self":[{"href":"https:\/\/partycypacjaobywatelska.pl\/forum\/wp-json\/wp\/v2\/pages\/2113"}],"collection":[{"href":"https:\/\/partycypacjaobywatelska.pl\/forum\/wp-json\/wp\/v2\/pages"}],"about":[{"href":"https:\/\/partycypacjaobywatelska.pl\/forum\/wp-json\/wp\/v2\/types\/page"}],"author":[{"embeddable":true,"href":"https:\/\/partycypacjaobywatelska.pl\/forum\/wp-json\/wp\/v2\/users\/141"}],"replies":[{"embeddable":true,"href":"https:\/\/partycypacjaobywatelska.pl\/forum\/wp-json\/wp\/v2\/comments?post=2113"}],"version-history":[{"count":2,"href":"https:\/\/partycypacjaobywatelska.pl\/forum\/wp-json\/wp\/v2\/pages\/2113\/revisions"}],"predecessor-version":[{"id":2138,"href":"https:\/\/partycypacjaobywatelska.pl\/forum\/wp-json\/wp\/v2\/pages\/2113\/revisions\/2138"}],"up":[{"embeddable":true,"href":"https:\/\/partycypacjaobywatelska.pl\/forum\/wp-json\/wp\/v2\/pages\/908"}],"wp:attachment":[{"href":"https:\/\/partycypacjaobywatelska.pl\/forum\/wp-json\/wp\/v2\/media?parent=2113"}],"curies":[{"name":"wp","href":"https:\/\/api.w.org\/{rel}","templated":true}]}}