{"id":2045,"date":"2019-06-03T12:58:58","date_gmt":"2019-06-03T10:58:58","guid":{"rendered":"http:\/\/partycypacjaobywatelska.pl\/forum\/?page_id=2045"},"modified":"2019-06-06T10:32:27","modified_gmt":"2019-06-06T08:32:27","slug":"zabezpiecz-sie-czyli-krotka-historia-o-ryzykach-procesu-partycypacyjnego-opowiesc-z-moralem-dla-urzednika-i-projektanta","status":"publish","type":"page","link":"https:\/\/partycypacjaobywatelska.pl\/forum\/edycja-6\/zabezpiecz-sie-czyli-krotka-historia-o-ryzykach-procesu-partycypacyjnego-opowiesc-z-moralem-dla-urzednika-i-projektanta\/","title":{"rendered":"Zabezpiecz si\u0119, czyli kr\u00f3tka historia o ryzykach procesu partycypacyjnego. Opowie\u015b\u0107 z mora\u0142em dla urz\u0119dnika i projektanta"},"content":{"rendered":"","protected":false},"excerpt":{"rendered":"","protected":false},"author":141,"featured_media":0,"parent":908,"menu_order":0,"comment_status":"closed","ping_status":"closed","template":"template-program.php","meta":[],"_links":{"self":[{"href":"https:\/\/partycypacjaobywatelska.pl\/forum\/wp-json\/wp\/v2\/pages\/2045"}],"collection":[{"href":"https:\/\/partycypacjaobywatelska.pl\/forum\/wp-json\/wp\/v2\/pages"}],"about":[{"href":"https:\/\/partycypacjaobywatelska.pl\/forum\/wp-json\/wp\/v2\/types\/page"}],"author":[{"embeddable":true,"href":"https:\/\/partycypacjaobywatelska.pl\/forum\/wp-json\/wp\/v2\/users\/141"}],"replies":[{"embeddable":true,"href":"https:\/\/partycypacjaobywatelska.pl\/forum\/wp-json\/wp\/v2\/comments?post=2045"}],"version-history":[{"count":5,"href":"https:\/\/partycypacjaobywatelska.pl\/forum\/wp-json\/wp\/v2\/pages\/2045\/revisions"}],"predecessor-version":[{"id":2168,"href":"https:\/\/partycypacjaobywatelska.pl\/forum\/wp-json\/wp\/v2\/pages\/2045\/revisions\/2168"}],"up":[{"embeddable":true,"href":"https:\/\/partycypacjaobywatelska.pl\/forum\/wp-json\/wp\/v2\/pages\/908"}],"wp:attachment":[{"href":"https:\/\/partycypacjaobywatelska.pl\/forum\/wp-json\/wp\/v2\/media?parent=2045"}],"curies":[{"name":"wp","href":"https:\/\/api.w.org\/{rel}","templated":true}]}}