{"id":1943,"date":"2019-05-24T13:23:12","date_gmt":"2019-05-24T11:23:12","guid":{"rendered":"http:\/\/partycypacjaobywatelska.pl\/forum\/?page_id=1943"},"modified":"2019-06-05T13:54:13","modified_gmt":"2019-06-05T11:54:13","slug":"wyzwania-partycypacji-w-sasiedztwach-dyskusja-na-przykladach-z-gdanska-i-wroclawia","status":"publish","type":"page","link":"https:\/\/partycypacjaobywatelska.pl\/forum\/edycja-6\/wyzwania-partycypacji-w-sasiedztwach-dyskusja-na-przykladach-z-gdanska-i-wroclawia\/","title":{"rendered":"Wyzwania partycypacji w s\u0105siedztwach \u2013 dyskusja na przyk\u0142adach z Gda\u0144ska i Wroc\u0142awia"},"content":{"rendered":"","protected":false},"excerpt":{"rendered":"","protected":false},"author":141,"featured_media":0,"parent":908,"menu_order":0,"comment_status":"closed","ping_status":"closed","template":"template-program.php","meta":[],"_links":{"self":[{"href":"https:\/\/partycypacjaobywatelska.pl\/forum\/wp-json\/wp\/v2\/pages\/1943"}],"collection":[{"href":"https:\/\/partycypacjaobywatelska.pl\/forum\/wp-json\/wp\/v2\/pages"}],"about":[{"href":"https:\/\/partycypacjaobywatelska.pl\/forum\/wp-json\/wp\/v2\/types\/page"}],"author":[{"embeddable":true,"href":"https:\/\/partycypacjaobywatelska.pl\/forum\/wp-json\/wp\/v2\/users\/141"}],"replies":[{"embeddable":true,"href":"https:\/\/partycypacjaobywatelska.pl\/forum\/wp-json\/wp\/v2\/comments?post=1943"}],"version-history":[{"count":7,"href":"https:\/\/partycypacjaobywatelska.pl\/forum\/wp-json\/wp\/v2\/pages\/1943\/revisions"}],"predecessor-version":[{"id":2135,"href":"https:\/\/partycypacjaobywatelska.pl\/forum\/wp-json\/wp\/v2\/pages\/1943\/revisions\/2135"}],"up":[{"embeddable":true,"href":"https:\/\/partycypacjaobywatelska.pl\/forum\/wp-json\/wp\/v2\/pages\/908"}],"wp:attachment":[{"href":"https:\/\/partycypacjaobywatelska.pl\/forum\/wp-json\/wp\/v2\/media?parent=1943"}],"curies":[{"name":"wp","href":"https:\/\/api.w.org\/{rel}","templated":true}]}}