{"id":1910,"date":"2019-05-21T17:29:42","date_gmt":"2019-05-21T15:29:42","guid":{"rendered":"http:\/\/partycypacjaobywatelska.pl\/forum\/?page_id=1910"},"modified":"2019-06-05T14:32:18","modified_gmt":"2019-06-05T12:32:18","slug":"ukrainskie-doswiadczenie-dialog-i-rozwiazywanie-konfliktow-w-spolecznosciach-lokalnych","status":"publish","type":"page","link":"https:\/\/partycypacjaobywatelska.pl\/forum\/edycja-6\/ukrainskie-doswiadczenie-dialog-i-rozwiazywanie-konfliktow-w-spolecznosciach-lokalnych\/","title":{"rendered":"Ukrai\u0144skie do\u015bwiadczenie: dialog i rozwi\u0105zywanie konflikt\u00f3w w spo\u0142eczno\u015bciach lokalnych"},"content":{"rendered":"","protected":false},"excerpt":{"rendered":"","protected":false},"author":141,"featured_media":0,"parent":908,"menu_order":0,"comment_status":"closed","ping_status":"closed","template":"template-program.php","meta":[],"_links":{"self":[{"href":"https:\/\/partycypacjaobywatelska.pl\/forum\/wp-json\/wp\/v2\/pages\/1910"}],"collection":[{"href":"https:\/\/partycypacjaobywatelska.pl\/forum\/wp-json\/wp\/v2\/pages"}],"about":[{"href":"https:\/\/partycypacjaobywatelska.pl\/forum\/wp-json\/wp\/v2\/types\/page"}],"author":[{"embeddable":true,"href":"https:\/\/partycypacjaobywatelska.pl\/forum\/wp-json\/wp\/v2\/users\/141"}],"replies":[{"embeddable":true,"href":"https:\/\/partycypacjaobywatelska.pl\/forum\/wp-json\/wp\/v2\/comments?post=1910"}],"version-history":[{"count":4,"href":"https:\/\/partycypacjaobywatelska.pl\/forum\/wp-json\/wp\/v2\/pages\/1910\/revisions"}],"predecessor-version":[{"id":2162,"href":"https:\/\/partycypacjaobywatelska.pl\/forum\/wp-json\/wp\/v2\/pages\/1910\/revisions\/2162"}],"up":[{"embeddable":true,"href":"https:\/\/partycypacjaobywatelska.pl\/forum\/wp-json\/wp\/v2\/pages\/908"}],"wp:attachment":[{"href":"https:\/\/partycypacjaobywatelska.pl\/forum\/wp-json\/wp\/v2\/media?parent=1910"}],"curies":[{"name":"wp","href":"https:\/\/api.w.org\/{rel}","templated":true}]}}