{"id":1877,"date":"2019-05-20T12:51:16","date_gmt":"2019-05-20T10:51:16","guid":{"rendered":"http:\/\/partycypacjaobywatelska.pl\/forum\/?page_id=1877"},"modified":"2019-06-05T14:05:29","modified_gmt":"2019-06-05T12:05:29","slug":"eksport-partycypacji-jak-dzielic-sie-doswiadczeniem-i-pracowac-z-partnerami-w-projektach-miedzynarodowych","status":"publish","type":"page","link":"https:\/\/partycypacjaobywatelska.pl\/forum\/edycja-6\/eksport-partycypacji-jak-dzielic-sie-doswiadczeniem-i-pracowac-z-partnerami-w-projektach-miedzynarodowych\/","title":{"rendered":"\u201eEksport partycypacji\u201d \u2013 jak dzieli\u0107 si\u0119 do\u015bwiadczeniem i pracowa\u0107 z partnerami w projektach mi\u0119dzynarodowych?"},"content":{"rendered":"","protected":false},"excerpt":{"rendered":"","protected":false},"author":141,"featured_media":0,"parent":908,"menu_order":0,"comment_status":"closed","ping_status":"closed","template":"template-program.php","meta":[],"_links":{"self":[{"href":"https:\/\/partycypacjaobywatelska.pl\/forum\/wp-json\/wp\/v2\/pages\/1877"}],"collection":[{"href":"https:\/\/partycypacjaobywatelska.pl\/forum\/wp-json\/wp\/v2\/pages"}],"about":[{"href":"https:\/\/partycypacjaobywatelska.pl\/forum\/wp-json\/wp\/v2\/types\/page"}],"author":[{"embeddable":true,"href":"https:\/\/partycypacjaobywatelska.pl\/forum\/wp-json\/wp\/v2\/users\/141"}],"replies":[{"embeddable":true,"href":"https:\/\/partycypacjaobywatelska.pl\/forum\/wp-json\/wp\/v2\/comments?post=1877"}],"version-history":[{"count":6,"href":"https:\/\/partycypacjaobywatelska.pl\/forum\/wp-json\/wp\/v2\/pages\/1877\/revisions"}],"predecessor-version":[{"id":2475,"href":"https:\/\/partycypacjaobywatelska.pl\/forum\/wp-json\/wp\/v2\/pages\/1877\/revisions\/2475"}],"up":[{"embeddable":true,"href":"https:\/\/partycypacjaobywatelska.pl\/forum\/wp-json\/wp\/v2\/pages\/908"}],"wp:attachment":[{"href":"https:\/\/partycypacjaobywatelska.pl\/forum\/wp-json\/wp\/v2\/media?parent=1877"}],"curies":[{"name":"wp","href":"https:\/\/api.w.org\/{rel}","templated":true}]}}