{"id":1864,"date":"2019-05-17T19:31:52","date_gmt":"2019-05-17T17:31:52","guid":{"rendered":"http:\/\/partycypacjaobywatelska.pl\/forum\/?page_id=1864"},"modified":"2019-06-05T13:39:09","modified_gmt":"2019-06-05T11:39:09","slug":"jak-wlaczyc-migrantow-w-podejmowanie-decyzji-o-miejskich-politykach-integracyjnych","status":"publish","type":"page","link":"https:\/\/partycypacjaobywatelska.pl\/forum\/edycja-6\/jak-wlaczyc-migrantow-w-podejmowanie-decyzji-o-miejskich-politykach-integracyjnych\/","title":{"rendered":"Jak w\u0142\u0105czy\u0107 migrant\u00f3w w podejmowanie decyzji o miejskich politykach integracyjnych?"},"content":{"rendered":"","protected":false},"excerpt":{"rendered":"","protected":false},"author":141,"featured_media":0,"parent":908,"menu_order":0,"comment_status":"closed","ping_status":"closed","template":"template-program.php","meta":[],"_links":{"self":[{"href":"https:\/\/partycypacjaobywatelska.pl\/forum\/wp-json\/wp\/v2\/pages\/1864"}],"collection":[{"href":"https:\/\/partycypacjaobywatelska.pl\/forum\/wp-json\/wp\/v2\/pages"}],"about":[{"href":"https:\/\/partycypacjaobywatelska.pl\/forum\/wp-json\/wp\/v2\/types\/page"}],"author":[{"embeddable":true,"href":"https:\/\/partycypacjaobywatelska.pl\/forum\/wp-json\/wp\/v2\/users\/141"}],"replies":[{"embeddable":true,"href":"https:\/\/partycypacjaobywatelska.pl\/forum\/wp-json\/wp\/v2\/comments?post=1864"}],"version-history":[{"count":5,"href":"https:\/\/partycypacjaobywatelska.pl\/forum\/wp-json\/wp\/v2\/pages\/1864\/revisions"}],"predecessor-version":[{"id":2122,"href":"https:\/\/partycypacjaobywatelska.pl\/forum\/wp-json\/wp\/v2\/pages\/1864\/revisions\/2122"}],"up":[{"embeddable":true,"href":"https:\/\/partycypacjaobywatelska.pl\/forum\/wp-json\/wp\/v2\/pages\/908"}],"wp:attachment":[{"href":"https:\/\/partycypacjaobywatelska.pl\/forum\/wp-json\/wp\/v2\/media?parent=1864"}],"curies":[{"name":"wp","href":"https:\/\/api.w.org\/{rel}","templated":true}]}}