{"id":1852,"date":"2019-05-17T17:58:07","date_gmt":"2019-05-17T15:58:07","guid":{"rendered":"http:\/\/partycypacjaobywatelska.pl\/forum\/?page_id=1852"},"modified":"2019-06-05T13:36:41","modified_gmt":"2019-06-05T11:36:41","slug":"czy-w-partycypacji-obywatelskiej-jest-miejsce-na-myslenie-o-przyszlosci-jak-robic-to-madrze","status":"publish","type":"page","link":"https:\/\/partycypacjaobywatelska.pl\/forum\/edycja-6\/czy-w-partycypacji-obywatelskiej-jest-miejsce-na-myslenie-o-przyszlosci-jak-robic-to-madrze\/","title":{"rendered":"Czy w partycypacji obywatelskiej jest miejsce na my\u015blenie o przysz\u0142o\u015bci? Jak robi\u0107 to m\u0105drze?"},"content":{"rendered":"","protected":false},"excerpt":{"rendered":"","protected":false},"author":141,"featured_media":0,"parent":908,"menu_order":0,"comment_status":"closed","ping_status":"closed","template":"template-program.php","meta":[],"_links":{"self":[{"href":"https:\/\/partycypacjaobywatelska.pl\/forum\/wp-json\/wp\/v2\/pages\/1852"}],"collection":[{"href":"https:\/\/partycypacjaobywatelska.pl\/forum\/wp-json\/wp\/v2\/pages"}],"about":[{"href":"https:\/\/partycypacjaobywatelska.pl\/forum\/wp-json\/wp\/v2\/types\/page"}],"author":[{"embeddable":true,"href":"https:\/\/partycypacjaobywatelska.pl\/forum\/wp-json\/wp\/v2\/users\/141"}],"replies":[{"embeddable":true,"href":"https:\/\/partycypacjaobywatelska.pl\/forum\/wp-json\/wp\/v2\/comments?post=1852"}],"version-history":[{"count":2,"href":"https:\/\/partycypacjaobywatelska.pl\/forum\/wp-json\/wp\/v2\/pages\/1852\/revisions"}],"predecessor-version":[{"id":2120,"href":"https:\/\/partycypacjaobywatelska.pl\/forum\/wp-json\/wp\/v2\/pages\/1852\/revisions\/2120"}],"up":[{"embeddable":true,"href":"https:\/\/partycypacjaobywatelska.pl\/forum\/wp-json\/wp\/v2\/pages\/908"}],"wp:attachment":[{"href":"https:\/\/partycypacjaobywatelska.pl\/forum\/wp-json\/wp\/v2\/media?parent=1852"}],"curies":[{"name":"wp","href":"https:\/\/api.w.org\/{rel}","templated":true}]}}