{"id":1818,"date":"2019-05-17T14:17:05","date_gmt":"2019-05-17T12:17:05","guid":{"rendered":"http:\/\/partycypacjaobywatelska.pl\/forum\/?page_id=1818"},"modified":"2019-06-25T18:07:39","modified_gmt":"2019-06-25T16:07:39","slug":"jak-poinformowac-i-wlaczyc-tych-ktorzy-zwykle-nie-maja-dla-nas-czasu","status":"publish","type":"page","link":"https:\/\/partycypacjaobywatelska.pl\/forum\/edycja-6\/jak-poinformowac-i-wlaczyc-tych-ktorzy-zwykle-nie-maja-dla-nas-czasu\/","title":{"rendered":"Jak poinformowa\u0107 i w\u0142\u0105czy\u0107 tych, kt\u00f3rzy zwykle nie maj\u0105 dla nas czasu?"},"content":{"rendered":"","protected":false},"excerpt":{"rendered":"","protected":false},"author":141,"featured_media":0,"parent":908,"menu_order":0,"comment_status":"closed","ping_status":"closed","template":"template-program.php","meta":[],"_links":{"self":[{"href":"https:\/\/partycypacjaobywatelska.pl\/forum\/wp-json\/wp\/v2\/pages\/1818"}],"collection":[{"href":"https:\/\/partycypacjaobywatelska.pl\/forum\/wp-json\/wp\/v2\/pages"}],"about":[{"href":"https:\/\/partycypacjaobywatelska.pl\/forum\/wp-json\/wp\/v2\/types\/page"}],"author":[{"embeddable":true,"href":"https:\/\/partycypacjaobywatelska.pl\/forum\/wp-json\/wp\/v2\/users\/141"}],"replies":[{"embeddable":true,"href":"https:\/\/partycypacjaobywatelska.pl\/forum\/wp-json\/wp\/v2\/comments?post=1818"}],"version-history":[{"count":4,"href":"https:\/\/partycypacjaobywatelska.pl\/forum\/wp-json\/wp\/v2\/pages\/1818\/revisions"}],"predecessor-version":[{"id":2372,"href":"https:\/\/partycypacjaobywatelska.pl\/forum\/wp-json\/wp\/v2\/pages\/1818\/revisions\/2372"}],"up":[{"embeddable":true,"href":"https:\/\/partycypacjaobywatelska.pl\/forum\/wp-json\/wp\/v2\/pages\/908"}],"wp:attachment":[{"href":"https:\/\/partycypacjaobywatelska.pl\/forum\/wp-json\/wp\/v2\/media?parent=1818"}],"curies":[{"name":"wp","href":"https:\/\/api.w.org\/{rel}","templated":true}]}}