{"id":1756,"date":"2019-05-14T18:30:04","date_gmt":"2019-05-14T16:30:04","guid":{"rendered":"http:\/\/partycypacjaobywatelska.pl\/forum\/?page_id=1756"},"modified":"2019-06-05T14:16:20","modified_gmt":"2019-06-05T12:16:20","slug":"badania-o-partycypacji-w-polsce-najnowsze-wyniki-i-pomysly-na-przyszlosc","status":"publish","type":"page","link":"https:\/\/partycypacjaobywatelska.pl\/forum\/edycja-6\/badania-o-partycypacji-w-polsce-najnowsze-wyniki-i-pomysly-na-przyszlosc\/","title":{"rendered":"Badania o partycypacji w Polsce. Najnowsze wyniki i pomys\u0142y na przysz\u0142o\u015b\u0107"},"content":{"rendered":"","protected":false},"excerpt":{"rendered":"","protected":false},"author":141,"featured_media":0,"parent":908,"menu_order":0,"comment_status":"closed","ping_status":"closed","template":"template-program.php","meta":[],"_links":{"self":[{"href":"https:\/\/partycypacjaobywatelska.pl\/forum\/wp-json\/wp\/v2\/pages\/1756"}],"collection":[{"href":"https:\/\/partycypacjaobywatelska.pl\/forum\/wp-json\/wp\/v2\/pages"}],"about":[{"href":"https:\/\/partycypacjaobywatelska.pl\/forum\/wp-json\/wp\/v2\/types\/page"}],"author":[{"embeddable":true,"href":"https:\/\/partycypacjaobywatelska.pl\/forum\/wp-json\/wp\/v2\/users\/141"}],"replies":[{"embeddable":true,"href":"https:\/\/partycypacjaobywatelska.pl\/forum\/wp-json\/wp\/v2\/comments?post=1756"}],"version-history":[{"count":12,"href":"https:\/\/partycypacjaobywatelska.pl\/forum\/wp-json\/wp\/v2\/pages\/1756\/revisions"}],"predecessor-version":[{"id":2149,"href":"https:\/\/partycypacjaobywatelska.pl\/forum\/wp-json\/wp\/v2\/pages\/1756\/revisions\/2149"}],"up":[{"embeddable":true,"href":"https:\/\/partycypacjaobywatelska.pl\/forum\/wp-json\/wp\/v2\/pages\/908"}],"wp:attachment":[{"href":"https:\/\/partycypacjaobywatelska.pl\/forum\/wp-json\/wp\/v2\/media?parent=1756"}],"curies":[{"name":"wp","href":"https:\/\/api.w.org\/{rel}","templated":true}]}}