{"id":972,"date":"2018-05-28T15:00:09","date_gmt":"2018-05-28T13:00:09","guid":{"rendered":"http:\/\/partycypacjaobywatelska.pl\/forum-2018\/?page_id=972"},"modified":"2018-07-02T13:51:04","modified_gmt":"2018-07-02T11:51:04","slug":"edukacja-obywatelska-w-szkole","status":"publish","type":"page","link":"https:\/\/partycypacjaobywatelska.pl\/forum-2018\/edukacja-obywatelska-w-szkole\/","title":{"rendered":"Edukacja obywatelska w szkole"},"content":{"rendered":"<h4><strong>Prowadzenie:<\/strong><\/h4>\n<p>Dorota Kapu\u015bci\u0144ska, Centrum Komunikacji Spo\u0142ecznej, Urz\u0105d m.st. Warszawy<\/p>\n<h4><strong>Wyst\u0105pienia:<\/strong><\/h4>\n<p>Anna Zgli\u0144ska, Fundacja Stabilo<br \/>\nMateusz Wojcieszak, Fundacja Pole Dialogu<br \/>\nKatarzyna Szewczyk, Centrum Komunikacji Spo\u0142ecznej, Urz\u0105d m.st. Warszawy<br \/>\nMicha\u0142 Tragarz, Centrum Edukacji Obywatelskiej<\/p>\n<h4><strong>Termin:<\/strong><\/h4>\n<p>1. dzie\u0144 Forum (11 czerwca, poniedzia\u0142ek), godz. 14.00-15.15<\/p>\n<h4><strong>Miejsce:<\/strong><\/h4>\n<p>pi\u0119tro +1, sala F<\/p>\n<h4><strong>Formu\u0142a:\u00a0<\/strong><\/h4>\n<p>kalejdoskop<\/p>\n<h4><strong>Opis:<\/strong><\/h4>\n<p>W co inwestowa\u0107, by ucze\u0144 sta\u0142 si\u0119 m\u0142odym, aktywnym obywatelem? Wspiera\u0107 nauczycieli, pracowa\u0107 projektowo z uczniami czy wprowadzi\u0107 obowi\u0105zkow\u0105 lekcj\u0119 samorz\u0105dow\u0105?<\/p>\n<p>Swoimi do\u015bwiadczeniami pracy z m\u0142odzie\u017c\u0105 i na jej rzecz podziel\u0105 si\u0119 przedstawiciele Fundacji Stabilo, Fundacji Pole Dialogu oraz Urz\u0119du m.st. Warszawy. \u00a0B\u0119dziemy rozmawia\u0107 o tym, jak stworzy\u0107 uczniom warunki do rozwoju postaw obywatelskich oraz jak zach\u0119ca\u0107 ich do aktywnego udzia\u0142u i zaanga\u017cowania w \u017cycie lokalnej spo\u0142eczno\u015bci.<\/p>\n<p>Przyjrzymy si\u0119 te\u017c konkretnym narz\u0119dziom, kt\u00f3re mog\u0105 by\u0107 pomocne w edukacji samorz\u0105dowej &#8211; grom planszowym \u201eJak si\u0119 \u0141odzi powodzi?\u201d, \u201eRozegraj miasto\u201d i \u201eAktywuj Warszaw\u0119\u201d oraz r\u00f3\u017cnym publikacjom.<\/p>\n<hr \/>\n<p>Wi\u0119cej o temacie aktywizacji obywatelskiej m\u0142odzie\u017cy i politykach m\u0142odzie\u017cowych przeczytasz\u00a0<a href=\"http:\/\/partycypacjaobywatelska.pl\/forum-2018\/wp-content\/uploads\/sites\/10\/2018\/06\/Prezentacja_FPP_CKS.pdf\">tutaj.<\/a><\/p>\n","protected":false},"excerpt":{"rendered":"<p>Prowadzenie: Dorota Kapu\u015bci\u0144ska, Centrum Komunikacji Spo\u0142ecznej, Urz\u0105d m.st. Warszawy Wyst\u0105pienia: Anna Zgli\u0144ska, Fundacja Stabilo Mateusz Wojcieszak, Fundacja Pole Dialogu Katarzyna Szewczyk, Centrum Komunikacji Spo\u0142ecznej, Urz\u0105d m.st. Warszawy Micha\u0142 Tragarz, Centrum Edukacji Obywatelskiej Termin: 1. dzie\u0144 Forum (11 czerwca, poniedzia\u0142ek), godz. 14.00-15.15 Miejsce: pi\u0119tro +1, sala F Formu\u0142a:\u00a0 kalejdoskop Opis: W co inwestowa\u0107, by ucze\u0144 sta\u0142 [&hellip;]<\/p>\n","protected":false},"author":141,"featured_media":0,"parent":0,"menu_order":0,"comment_status":"open","ping_status":"open","template":"template-forum_praktykow.php","meta":[],"_links":{"self":[{"href":"https:\/\/partycypacjaobywatelska.pl\/forum-2018\/wp-json\/wp\/v2\/pages\/972"}],"collection":[{"href":"https:\/\/partycypacjaobywatelska.pl\/forum-2018\/wp-json\/wp\/v2\/pages"}],"about":[{"href":"https:\/\/partycypacjaobywatelska.pl\/forum-2018\/wp-json\/wp\/v2\/types\/page"}],"author":[{"embeddable":true,"href":"https:\/\/partycypacjaobywatelska.pl\/forum-2018\/wp-json\/wp\/v2\/users\/141"}],"replies":[{"embeddable":true,"href":"https:\/\/partycypacjaobywatelska.pl\/forum-2018\/wp-json\/wp\/v2\/comments?post=972"}],"version-history":[{"count":6,"href":"https:\/\/partycypacjaobywatelska.pl\/forum-2018\/wp-json\/wp\/v2\/pages\/972\/revisions"}],"predecessor-version":[{"id":1379,"href":"https:\/\/partycypacjaobywatelska.pl\/forum-2018\/wp-json\/wp\/v2\/pages\/972\/revisions\/1379"}],"wp:attachment":[{"href":"https:\/\/partycypacjaobywatelska.pl\/forum-2018\/wp-json\/wp\/v2\/media?parent=972"}],"curies":[{"name":"wp","href":"https:\/\/api.w.org\/{rel}","templated":true}]}}