{"id":948,"date":"2018-05-28T13:28:05","date_gmt":"2018-05-28T11:28:05","guid":{"rendered":"http:\/\/partycypacjaobywatelska.pl\/forum-2018\/?page_id=948"},"modified":"2018-06-06T12:29:47","modified_gmt":"2018-06-06T10:29:47","slug":"wspolnie-o-owadach-zapylajacych-partycypacyjne-tworzenie-polityk-ochrony-srodowiska","status":"publish","type":"page","link":"https:\/\/partycypacjaobywatelska.pl\/forum-2018\/wspolnie-o-owadach-zapylajacych-partycypacyjne-tworzenie-polityk-ochrony-srodowiska\/","title":{"rendered":"Wsp\u00f3lnie o owadach zapylaj\u0105cych. Partycypacyjne tworzenie polityk ochrony \u015brodowiska"},"content":{"rendered":"<h4><strong>Prowadzenie:<\/strong><\/h4>\n<p>Agata Urbanik, Pogotowie Facylitacyjne \/ Fundacja Pole Dialogu<br \/>\nMarianna Wybieralska,\u00a0Fundacja Pole Dialogu<br \/>\nDominika Soko\u0142owska, Greenpeace Polska<\/p>\n<h4><strong>Termin:<\/strong><\/h4>\n<p>2. dzie\u0144 Forum (12 czerwca, wtorek), godz. 12.45-14.15<\/p>\n<h4><strong>Miejsce:<\/strong><\/h4>\n<p>pi\u0119tro -1, sala D<\/p>\n<h4><strong>Formu\u0142a:\u00a0<\/strong><\/h4>\n<p>sesja dyskusyjna<\/p>\n<h4><strong>Opis:<\/strong><\/h4>\n<p>Od pa\u017adziernika 2017 r. do kwietnia 2018 r. odby\u0142o si\u0119 dziewi\u0119\u0107 debat obywatelskich na temat ochrony owad\u00f3w zapylaj\u0105cych. Dlaczego? Bo Narodowa strategia ochrony owad\u00f3w zapylaj\u0105cych, zainicjowana przez Greenpeace, mia\u0142a zosta\u0107 stworzona nie tylko przez grono naukowc\u00f3w i naukowczy\u0144, ale tak\u017ce wszystkie osoby, dla kt\u00f3rych wa\u017cne jest nasze \u015brodowisko.<\/p>\n<p>Sercem debaty by\u0142a specjalnie zaprojektowana przez zesp\u00f3\u0142 Pola Dialogu gra konsultacyjna \u201ePolska przyjazna pszczo\u0142om\u201d, dzi\u0119ki kt\u00f3rej w rozmowie na najwa\u017cniejsze tematy zwi\u0105zane z ochron\u0105 zapylaczy mog\u0142a zabra\u0107 g\u0142os ka\u017cda osoba. Debaty, kt\u00f3re odby\u0142y si\u0119 w ca\u0142ej Polsce, by\u0142y okazj\u0105 do nieoczywistych spotka\u0144 i cz\u0119sto emocjonuj\u0105cej wymiany pogl\u0105d\u00f3w. Opowiemy o dylematach zwi\u0105zanych z projektowaniem gry dyskusyjnej, przedstawimy, jak w praktyce i od kuchni wygl\u0105da\u0142o uspo\u0142ecznienie tworzenia polityk zwi\u0105zanych z ochron\u0105 \u015brodowiska. Przybli\u017cymy, jakie by\u0142y reakcje uczestnik\u00f3w i uczestniczek na t\u0119 niecodzienn\u0105 form\u0119 konsultacji.<\/p>\n<p>Narodowa\u00a0strategia\u00a0ochrony\u00a0owad\u00f3w\u00a0zapylaj\u0105cych to w za\u0142o\u017ceniu wszechstronny plan wyznaczaj\u0105cy kierunki i dzia\u0142ania potrzebne do ochrony owad\u00f3w zapylaj\u0105cych. Wyniki konsultacji stanowi\u0105 za\u0142\u0105cznik do strategii opublikowanej na stronie <a href=\"http:\/\/adoptujpszczole.pl\/strategia\" target=\"_blank\">adoptujpszczole.pl\/strategia<\/a>. Obecnie trwaj\u0105 prace nad rozbudow\u0105 koalicji popieraj\u0105cej przyj\u0119cie i wdro\u017cenie strategii, Greenpeace apeluje do ministr\u00f3w rolnictwa i \u015brodowiska, by przyjmuj\u0105c strategi\u0119, wzi\u0119li odpowiedzialno\u015b\u0107 za los owad\u00f3w zapylaj\u0105cych.<\/p>\n","protected":false},"excerpt":{"rendered":"<p>Prowadzenie: Agata Urbanik, Pogotowie Facylitacyjne \/ Fundacja Pole Dialogu Marianna Wybieralska,\u00a0Fundacja Pole Dialogu Dominika Soko\u0142owska, Greenpeace Polska Termin: 2. dzie\u0144 Forum (12 czerwca, wtorek), godz. 12.45-14.15 Miejsce: pi\u0119tro -1, sala D Formu\u0142a:\u00a0 sesja dyskusyjna Opis: Od pa\u017adziernika 2017 r. do kwietnia 2018 r. odby\u0142o si\u0119 dziewi\u0119\u0107 debat obywatelskich na temat ochrony owad\u00f3w zapylaj\u0105cych. Dlaczego? Bo [&hellip;]<\/p>\n","protected":false},"author":141,"featured_media":0,"parent":0,"menu_order":0,"comment_status":"open","ping_status":"open","template":"template-forum_praktykow.php","meta":[],"_links":{"self":[{"href":"https:\/\/partycypacjaobywatelska.pl\/forum-2018\/wp-json\/wp\/v2\/pages\/948"}],"collection":[{"href":"https:\/\/partycypacjaobywatelska.pl\/forum-2018\/wp-json\/wp\/v2\/pages"}],"about":[{"href":"https:\/\/partycypacjaobywatelska.pl\/forum-2018\/wp-json\/wp\/v2\/types\/page"}],"author":[{"embeddable":true,"href":"https:\/\/partycypacjaobywatelska.pl\/forum-2018\/wp-json\/wp\/v2\/users\/141"}],"replies":[{"embeddable":true,"href":"https:\/\/partycypacjaobywatelska.pl\/forum-2018\/wp-json\/wp\/v2\/comments?post=948"}],"version-history":[{"count":5,"href":"https:\/\/partycypacjaobywatelska.pl\/forum-2018\/wp-json\/wp\/v2\/pages\/948\/revisions"}],"predecessor-version":[{"id":1294,"href":"https:\/\/partycypacjaobywatelska.pl\/forum-2018\/wp-json\/wp\/v2\/pages\/948\/revisions\/1294"}],"wp:attachment":[{"href":"https:\/\/partycypacjaobywatelska.pl\/forum-2018\/wp-json\/wp\/v2\/media?parent=948"}],"curies":[{"name":"wp","href":"https:\/\/api.w.org\/{rel}","templated":true}]}}